{"id":1161,"date":"2024-09-11T10:26:35","date_gmt":"2024-09-11T03:26:35","guid":{"rendered":"http:\/\/emis.misa.vn\/emis-kindergarten\/?page_id=1161"},"modified":"2026-04-03T15:22:25","modified_gmt":"2026-04-03T08:22:25","slug":"tinh-nang-moi-emis-kindergarten","status":"publish","type":"page","link":"https:\/\/emis.misa.vn\/emis-kindergarten\/tinh-nang-moi-emis-kindergarten\/","title":{"rendered":"T\u00ednh n\u0103ng m\u1edbi EMIS KINDERGARTEN"},"content":{"rendered":"<p><!-- Google tag (gtag.js) --><br \/>\n<script async src=\"https:\/\/www.googletagmanager.com\/gtag\/js?id=G-N189H5T6YP\"><\/script><br \/>\n<script>\n  window.dataLayer = window.dataLayer || [];\n  function gtag(){dataLayer.push(arguments);}\n  gtag('js', new Date());<\/p>\n<p>  gtag('config', 'G-N189H5T6YP');\n<\/script><\/p>\n","protected":false},"excerpt":{"rendered":"","protected":false},"author":104,"featured_media":0,"parent":0,"menu_order":0,"comment_status":"closed","ping_status":"closed","template":"page-template\/new-feature-page.php","meta":{"_acf_changed":false,"footnotes":""},"class_list":["post-1161","page","type-page","status-publish","hentry"],"acf":[],"yoast_head":"<!-- This site is optimized with the Yoast SEO plugin v21.7 - https:\/\/yoast.com\/wordpress\/plugins\/seo\/ -->\n<title>T\u00ednh n\u0103ng m\u1edbi EMIS KINDERGARTEN - Ph\u1ea7n m\u1ec1m qu\u1ea3n l\u00fd tr\u01b0\u1eddng h\u1ecdc<\/title>\n<meta name=\"robots\" content=\"index, follow, max-snippet:-1, max-image-preview:large, max-video-preview:-1\" \/>\n<link rel=\"canonical\" href=\"https:\/\/emis.misa.vn\/emis-kindergarten\/tinh-nang-moi-emis-kindergarten\/\" \/>\n<meta property=\"og:locale\" content=\"en_US\" \/>\n<meta property=\"og:type\" content=\"article\" \/>\n<meta property=\"og:title\" content=\"T\u00ednh n\u0103ng m\u1edbi EMIS KINDERGARTEN - Ph\u1ea7n m\u1ec1m qu\u1ea3n l\u00fd tr\u01b0\u1eddng h\u1ecdc\" \/>\n<meta property=\"og:description\" content=\"C\u1eadp nh\u1eadt c\u00e1c t\u00ednh n\u0103ng m\u1edbi nh\u1ea5t c\u1ee7a MISA EMIS, ph\u1ea7n m\u1ec1m qu\u1ea3n l\u00fd gi\u00e1o d\u1ee5c to\u00e0n di\u1ec7n c\u1ee7a MISA, \u0111\u1ed3ng h\u00e0nh c\u00f9ng c\u00e1c tr\u01b0\u1eddng chuy\u1ec3n \u0111\u1ed5i s\u1ed1 hi\u1ec7u qu\u1ea3\" \/>\n<meta property=\"og:url\" content=\"https:\/\/emis.misa.vn\/emis-kindergarten\/tinh-nang-moi-emis-kindergarten\/\" \/>\n<meta property=\"og:site_name\" content=\"Ph\u1ea7n m\u1ec1m qu\u1ea3n l\u00fd tr\u01b0\u1eddng h\u1ecdc\" \/>\n<meta property=\"article:modified_time\" content=\"2026-04-03T08:22:25+00:00\" \/>\n<meta name=\"twitter:card\" content=\"summary_large_image\" \/>\n<!-- \/ Yoast SEO plugin. -->","yoast_head_json":{"title":"T\u00ednh n\u0103ng m\u1edbi EMIS KINDERGARTEN - Ph\u1ea7n m\u1ec1m qu\u1ea3n l\u00fd tr\u01b0\u1eddng h\u1ecdc","robots":{"index":"index","follow":"follow","max-snippet":"max-snippet:-1","max-image-preview":"max-image-preview:large","max-video-preview":"max-video-preview:-1"},"canonical":"https:\/\/emis.misa.vn\/emis-kindergarten\/tinh-nang-moi-emis-kindergarten\/","og_locale":"en_US","og_type":"article","og_title":"T\u00ednh n\u0103ng m\u1edbi EMIS KINDERGARTEN - Ph\u1ea7n m\u1ec1m qu\u1ea3n l\u00fd tr\u01b0\u1eddng h\u1ecdc","og_description":"C\u1eadp nh\u1eadt c\u00e1c t\u00ednh n\u0103ng m\u1edbi nh\u1ea5t c\u1ee7a MISA EMIS, ph\u1ea7n m\u1ec1m qu\u1ea3n l\u00fd gi\u00e1o d\u1ee5c to\u00e0n di\u1ec7n c\u1ee7a MISA, \u0111\u1ed3ng h\u00e0nh c\u00f9ng c\u00e1c tr\u01b0\u1eddng chuy\u1ec3n \u0111\u1ed5i s\u1ed1 hi\u1ec7u qu\u1ea3","og_url":"https:\/\/emis.misa.vn\/emis-kindergarten\/tinh-nang-moi-emis-kindergarten\/","og_site_name":"Ph\u1ea7n m\u1ec1m qu\u1ea3n l\u00fd tr\u01b0\u1eddng h\u1ecdc","article_modified_time":"2026-04-03T08:22:25+00:00","twitter_card":"summary_large_image","schema":{"@context":"https:\/\/schema.org","@graph":[{"@type":"WebPage","@id":"https:\/\/emis.misa.vn\/emis-kindergarten\/tinh-nang-moi-emis-kindergarten\/","url":"https:\/\/emis.misa.vn\/emis-kindergarten\/tinh-nang-moi-emis-kindergarten\/","name":"T\u00ednh n\u0103ng m\u1edbi EMIS KINDERGARTEN - Ph\u1ea7n m\u1ec1m qu\u1ea3n l\u00fd tr\u01b0\u1eddng h\u1ecdc","isPartOf":{"@id":"https:\/\/emis.misa.vn\/emis-kindergarten\/#website"},"datePublished":"2024-09-11T03:26:35+00:00","dateModified":"2026-04-03T08:22:25+00:00","description":"C\u1eadp nh\u1eadt c\u00e1c t\u00ednh n\u0103ng m\u1edbi nh\u1ea5t c\u1ee7a MISA EMIS, ph\u1ea7n m\u1ec1m qu\u1ea3n l\u00fd gi\u00e1o d\u1ee5c to\u00e0n di\u1ec7n c\u1ee7a MISA, \u0111\u1ed3ng h\u00e0nh c\u00f9ng c\u00e1c tr\u01b0\u1eddng chuy\u1ec3n \u0111\u1ed5i s\u1ed1 hi\u1ec7u qu\u1ea3","breadcrumb":{"@id":"https:\/\/emis.misa.vn\/emis-kindergarten\/tinh-nang-moi-emis-kindergarten\/#breadcrumb"},"inLanguage":"en-US","potentialAction":[{"@type":"ReadAction","target":["https:\/\/emis.misa.vn\/emis-kindergarten\/tinh-nang-moi-emis-kindergarten\/"]}]},{"@type":"BreadcrumbList","@id":"https:\/\/emis.misa.vn\/emis-kindergarten\/tinh-nang-moi-emis-kindergarten\/#breadcrumb","itemListElement":[{"@type":"ListItem","position":1,"name":"Home","item":"https:\/\/emis.misa.vn\/emis-kindergarten\/"},{"@type":"ListItem","position":2,"name":"T\u00ednh n\u0103ng m\u1edbi EMIS KINDERGARTEN"}]}]}},"_links":{"self":[{"href":"https:\/\/emis.misa.vn\/emis-kindergarten\/wp-json\/wp\/v2\/pages\/1161","targetHints":{"allow":["GET"]}}],"collection":[{"href":"https:\/\/emis.misa.vn\/emis-kindergarten\/wp-json\/wp\/v2\/pages"}],"about":[{"href":"https:\/\/emis.misa.vn\/emis-kindergarten\/wp-json\/wp\/v2\/types\/page"}],"author":[{"embeddable":true,"href":"https:\/\/emis.misa.vn\/emis-kindergarten\/wp-json\/wp\/v2\/users\/104"}],"replies":[{"embeddable":true,"href":"https:\/\/emis.misa.vn\/emis-kindergarten\/wp-json\/wp\/v2\/comments?post=1161"}],"version-history":[{"count":3,"href":"https:\/\/emis.misa.vn\/emis-kindergarten\/wp-json\/wp\/v2\/pages\/1161\/revisions"}],"predecessor-version":[{"id":4481,"href":"https:\/\/emis.misa.vn\/emis-kindergarten\/wp-json\/wp\/v2\/pages\/1161\/revisions\/4481"}],"wp:attachment":[{"href":"https:\/\/emis.misa.vn\/emis-kindergarten\/wp-json\/wp\/v2\/media?parent=1161"}],"curies":[{"name":"wp","href":"https:\/\/api.w.org\/{rel}","templated":true}]}}