{"id":3351,"date":"2025-10-14T15:16:21","date_gmt":"2025-10-14T08:16:21","guid":{"rendered":"https:\/\/emis.misa.vn\/emis-kindergarten\/?page_id=3351"},"modified":"2025-10-14T15:16:21","modified_gmt":"2025-10-14T08:16:21","slug":"preschool-management-software-for-teachers","status":"publish","type":"page","link":"https:\/\/emis.misa.vn\/emis-kindergarten\/en\/preschool-management-software-for-teachers\/","title":{"rendered":"Preschool management software &#8211; for teachers"},"content":{"rendered":"\r\n<link rel=\"stylesheet\" href=\"\/emis-kindergarten\/qlth\/css\/emis-kinde-garden-teacher.css?ver=0.1\">\r\n<div class=\"main-page\">\r\n    <section class=\"banner block-padding\">\r\n        <div class=\"banner-cloud\">\r\n            <img decoding=\"async\" id=\"imgCloud\" src=\"\/emis-kindergarten\/qlth\/images\/emis-kinde-garden-school\/bg-cloud.png\"\r\n                alt=\"Help simplify teachers' workflow\">\r\n        <\/div>\r\n        <div class=\"container\">\r\n            <div class=\"row\">\r\n                <div class=\"col-md-12\">\r\n                    <div class=\"banner-logo text-bold text-left\">\r\n                        <img loading=\"lazy\" decoding=\"async\" width=\"566\" height=\"78\" src=\"\/emis-kindergarten\/qlth\/images\/emis-kinde-garden-teacher\/site-title.png\" alt=\"EMIS KINDERGARTEN\">\r\n                    <\/div>\r\n                    <h1 class=\"title text-left text-bold\">\r\n                        Simplify teachers&#8217; <span class=\"nowrap\">workflow<\/span>\r\n                    <\/h1>\r\n                    <div class=\"subtitle text-left\">\r\n                        Application helps manage classrooms, evaluate students, <br>communicate with parents\r\n                        <span class=\"nowrap\">easily<\/span>\r\n                    <\/div>\r\n                    <div class=\"banner-ctn\">\r\n                        <a href=\"#register\" class=\"btn-base btn-advise btn-register\">Register for consultation<\/a>\r\n                        <a href=\"#\" class=\"btn-base btn-trial\">\r\n                            Try for free\r\n                            <img decoding=\"async\" class=\"mouse-event\" src=\"\/emis-kindergarten\/qlth\/images\/emis-kinde-garden-teacher\/mouse-event.gif\" alt=\"icon\">\r\n                        <\/a>\r\n                    <\/div>\r\n                <\/div>\r\n                <div class=\"col-md-12 img-banner\">\r\n                    <img decoding=\"async\" src=\"\/emis-kindergarten\/qlth\/images\/emis-kinde-garden-teacher\/img-banner.webp\"\r\n                        alt=\"Emis kindergarden\">\r\n                <\/div>\r\n            <\/div>\r\n        <\/div>\r\n    <\/section>\r\n    <section class=\"benefit block-padding\">\r\n        <div class=\"container\">\r\n            <div class=\"row\">\r\n                <div class=\"col-md-24 no-padding\">\r\n                    <div class=\"benefit-container\">\r\n                        <div>\r\n                            <div class=\"benefit-text\">\r\n                                <h2 class=\"content-title text-left text-bold\">\r\n                                    Automatic, <span class=\"nowrap\">accurate attendance<\/span>\r\n                                <\/h2>\r\n                                <div class=\"benefit-ctn\">\r\n                                    <div>Attendance via <span class=\"nowrap\">face recognition<\/span><\/div>\r\n                                    <div>Automatically send attendance results to accounting and related departments, saving\r\n                                        teachers&#8217; <span class=\"nowrap\">reporting time<\/span><\/div>\r\n                                <\/div>\r\n                                <div class=\"benefit-btn\">\r\n                                    <a href=\"#register\" class=\"btn-base btn-trial\">Try for free\r\n                                        <img decoding=\"async\" class=\"mouse-event\" src=\"\/emis-kindergarten\/qlth\/images\/emis-kinde-garden-teacher\/mouse-event.gif\" alt=\"icon\">\r\n                                    <\/a>\r\n                                <\/div>\r\n                            <\/div>\r\n                            <div class=\"benefit-img\">\r\n                                <img decoding=\"async\" src=\"\/emis-kindergarten\/qlth\/images\/emis-kinde-garden-teacher\/img-benefit-1.png\"\r\n                                    alt=\"Online enrollment simplifies the registration process\">\r\n                            <\/div>\r\n                        <\/div>\r\n                        <div>\r\n                            <div class=\"benefit-text\">\r\n                                <h2 class=\"content-title text-left text-bold\">\r\n                                    Communicate with parents using <span class=\"nowrap\">smart assistant<\/span>\r\n                                <\/h2>\r\n                                <div class=\"benefit-ctn\">\r\n                                    <div>Message easily with the help of artificial intelligence. Text is spell-checked\r\n                                        and the paragraph assistant helps automatically write comments <span\r\n                                            class=\"nowrap\">as desired<\/span><\/div>\r\n                                    <div>Take photos and upload vivid images of children in the classroom directly on\r\n                                        <span class=\"nowrap\">the app<\/span><\/div>\r\n                                <\/div>\r\n                                <div class=\"benefit-btn\">\r\n                                    <a href=\"#register\" class=\"btn-base btn-trial\">Try for free\r\n                                        <img decoding=\"async\" class=\"mouse-event\" src=\"\/emis-kindergarten\/qlth\/images\/emis-kinde-garden-teacher\/mouse-event.gif\" alt=\"icon\">\r\n                                    <\/a>\r\n                                <\/div>\r\n                            <\/div>\r\n                            <div class=\"benefit-img\">\r\n                                <img decoding=\"async\" src=\"\/emis-kindergarten\/qlth\/images\/emis-kinde-garden-teacher\/img-benefit-2.webp\"\r\n                                    alt=\"Online enrollment simplifies the registration process\">\r\n                            <\/div>\r\n                        <\/div>\r\n                        <div>\r\n                            <div class=\"benefit-text\">\r\n                                <h2 class=\"content-title text-left text-bold\">\r\n                                    Quick, <span class=\"nowrap\">professional comments<\/span>\r\n                                <\/h2>\r\n                                <div class=\"benefit-ctn\">\r\n                                    <div>Comment by <span class=\"nowrap\">voice<\/span><\/div>\r\n                                    <div>Text is spell-checked, and supports rewriting in a natural, <span\r\n                                            class=\"nowrap\">vivid way<\/span><\/div>\r\n                                    <div>Summarize daily, monthly, yearly comments with 1 <span class=\"nowrap\">action<\/span>\r\n                                    <\/div>\r\n                                <\/div>\r\n                                <div class=\"benefit-btn\">\r\n                                    <a href=\"#register\" class=\"btn-base btn-trial\">Try for free\r\n                                        <img decoding=\"async\" class=\"mouse-event\" src=\"\/emis-kindergarten\/qlth\/images\/emis-kinde-garden-teacher\/mouse-event.gif\" alt=\"icon\">\r\n                                    <\/a>\r\n                                <\/div>\r\n                            <\/div>\r\n                            <div class=\"benefit-img\">\r\n                                <img decoding=\"async\" src=\"\/emis-kindergarten\/qlth\/images\/emis-kinde-garden-teacher\/img-benefit-3.webp\"\r\n                                    alt=\"Online enrollment simplifies the registration process\">\r\n                            <\/div>\r\n                        <\/div>\r\n                    <\/div>\r\n                <\/div>\r\n            <\/div>\r\n        <\/div>\r\n    <\/section>\r\n    <section class=\"register block-padding\" id=\"register\">\r\n        <div class=\"register-flower\">\r\n            <img decoding=\"async\" id=\"Registerflow1\" src=\"\/emis-kindergarten\/qlth\/images\/emis-kinde-garden-school\/img-flower-1.png\"\r\n                alt=\"KINDERGARTEN MANAGEMENT PLATFORM\">\r\n            <img decoding=\"async\" id=\"Registerflow2\" src=\"\/emis-kindergarten\/qlth\/images\/emis-kinde-garden-school\/img-flower-2.png\"\r\n                alt=\"KINDERGARTEN MANAGEMENT PLATFORM\">\r\n            <img decoding=\"async\" id=\"RegisterHuman\" src=\"\/emis-kindergarten\/qlth\/images\/emis-kinde-garden-school\/img-form.png\"\r\n                alt=\"KINDERGARTEN MANAGEMENT PLATFORM\">\r\n        <\/div>\r\n        <div class=\"container\">\r\n            <div class=\"row\">\r\n                <div class=\"col-md-14 register-text\">\r\n                    <div class=\"regsiter-logo text-bold text-left\">\r\n                        EMIS KINDERGARTEN\r\n                    <\/div>\r\n                    <h3 class=\"regsiter-title text-bold text-upper text-left\">\r\n                        KINDERGARTEN MANAGEMENT PLATFORM\r\n                    <\/h3>\r\n                    <div class=\"register-content\">\r\n                        With EMIS Kindergarten, schools can easily build engagement with parents, receive free support for\r\n                        the entire deployment process, completely free product usage costs, and realize a perfect\r\n                        educational environment.\r\n                    <\/div>\r\n                <\/div>\r\n                <div class=\"col-md-10 register-form\">\r\n                    <!-- AMIS aiMarketing Form Embed Code -->\r\n                    <div class=\"aimarketing-form-embed-code\">\r\n                        <script env=production id=\"ladizone-form-renderer\"\r\n                            src=\"https:\/\/amismisa.misacdn.net\/apps\/aimarketing\/form-editor\/static\/js\/form-renderer.js\"><\/script>\r\n                        <script render-for=\"233f0174-9722-49c5-9a7a-509edc34a3fa\">\r\n                            globalThis.lzfr.renderExternalForm({ formId: \"233f0174-9722-49c5-9a7a-509edc34a3fa\", tenantId: \"56c33c47-78ec-4b3a-92ba-9fdb7830a6d4\", domainUnomi: \"https:\/\/ladizone.com\" });\r\n                        <\/script>\r\n                    <\/div>\r\n                    <!-- end AMIS aiMarketing Form Embed Code -->\r\n                <\/div>\r\n            <\/div>\r\n        <\/div>\r\n    <\/section>\r\n    <div class=\"register-popup\">\r\n        <div class=\"register-popup-content\">\r\n            <div class=\"register-popup-wrap\">\r\n                <div class=\"register-popup-text\">\r\n                    <div class=\"register-popup-title\">\r\n                        <img decoding=\"async\" src=\"\/emis-kindergarten\/qlth\/images\/emis-mam-non\/ic-popup-title.png\" alt=\"EMIS KINDERGARTEN\">\r\n                    <\/div>\r\n                    <div class=\"register-popup-desc\">\r\n                        <div>\r\n                            Use <span class=\"text-bold\">COMPLETELY FREE<\/span> <br>\r\n                            software <span class=\"text-bold\">EMIS Kindergarten<\/span>\r\n                        <\/div>\r\n                        <div>Manage <span class=\"text-bold\">comprehensively<\/span> kindergarten operations: Care and education, finance,\r\n                            parent interaction&#8230;<\/div>\r\n                        <div>Pioneering solution <span class=\"text-bold\">applying AI<\/span>, optimizing management\r\n                            and teaching effectiveness<\/div>\r\n                        <div>Connect <span class=\"text-bold\">teachers &#8211; parents<\/span> quickly on the same platform\r\n                        <\/div>\r\n                    <\/div>\r\n                <\/div>\r\n                <div class=\"register-popup-form\">\r\n                    <div class=\"popup-form-header\">\r\n                        <div class=\"popup-form-title\">\r\n                            Register for consultation\r\n                        <\/div>\r\n                        <div class=\"popup-form-close\">\r\n                            <img decoding=\"async\" src=\"\/emis-kindergarten\/qlth\/images\/emis-mam-non\/ic-close.svg\" alt=\"close\">\r\n                        <\/div>\r\n                    <\/div>\r\n                    <div class=\"popup-form-body\">\r\n                        <!-- AMIS aiMarketing Form Embed Code -->\r\n                        <div class=\"aimarketing-form-embed-code\">\r\n                            <script env=production id=\"ladizone-form-renderer\"\r\n                                src=\"https:\/\/amismisa.misacdn.net\/apps\/aimarketing\/form-editor\/static\/js\/form-renderer.js\"><\/script>\r\n                            <script render-for=\"233f0174-9722-49c5-9a7a-509edc34a3fa\">\r\n                                globalThis.lzfr.renderExternalForm({ formId: \"233f0174-9722-49c5-9a7a-509edc34a3fa\", tenantId: \"56c33c47-78ec-4b3a-92ba-9fdb7830a6d4\", domainUnomi: \"https:\/\/ladizone.com\" });\r\n                            <\/script>\r\n                        <\/div>\r\n                        <!-- end AMIS aiMarketing Form Embed Code -->\r\n                    <\/div>\r\n                <\/div>\r\n            <\/div>\r\n            <div class=\"register-popup-bg\">\r\n                <img decoding=\"async\" src=\"\/emis-kindergarten\/qlth\/images\/emis-mam-non\/bg-popup.webp\" alt=\"EMIS KINDERGARTEN\">\r\n            <\/div>\r\n        <\/div>\r\n    <\/div>\r\n<\/div>\r\n<script src=\"\/emis-kindergarten\/qlth\/js\/emis-kindergarten.js?ver=0.1\"><\/script>\r\n","protected":false},"excerpt":{"rendered":"<p>Simplify teachers&#8217; workflow Application helps manage classrooms, evaluate students, communicate with parents easily Register for consultation Try for free Automatic, accurate attendance Attendance via face recognition Automatically send attendance results to accounting and related departments, saving teachers&#8217; reporting time Try for free Communicate with parents using smart assistant Message easily with the help of artificial [&hellip;]<\/p>\n","protected":false},"author":119,"featured_media":1001,"parent":0,"menu_order":0,"comment_status":"closed","ping_status":"closed","template":"","meta":{"_acf_changed":false,"footnotes":""},"class_list":["post-3351","page","type-page","status-publish","has-post-thumbnail","hentry"],"acf":[],"yoast_head":"<!-- This site is optimized with the Yoast SEO plugin v21.7 - https:\/\/yoast.com\/wordpress\/plugins\/seo\/ -->\n<title>Ph\u1ea7n m\u1ec1m qu\u1ea3n l\u00fd tr\u01b0\u1eddng m\u1ea7m non - d\u00e0nh cho gi\u00e1o vi\u00ean<\/title>\n<meta name=\"robots\" content=\"index, follow, max-snippet:-1, max-image-preview:large, max-video-preview:-1\" \/>\n<link rel=\"canonical\" href=\"https:\/\/emis.misa.vn\/emis-kindergarten\/en\/preschool-management-software-for-teachers\/\" \/>\n<meta property=\"og:locale\" content=\"en_US\" \/>\n<meta property=\"og:type\" content=\"article\" \/>\n<meta property=\"og:title\" content=\"Ph\u1ea7n m\u1ec1m qu\u1ea3n l\u00fd tr\u01b0\u1eddng m\u1ea7m non - d\u00e0nh cho gi\u00e1o vi\u00ean\" \/>\n<meta property=\"og:description\" content=\"Simplify teachers&#8217; workflow Application helps manage classrooms, evaluate students, communicate with parents easily Register for consultation Try for free Automatic, accurate attendance Attendance via face recognition Automatically send attendance results to accounting and related departments, saving teachers&#8217; reporting time Try for free Communicate with parents using smart assistant Message easily with the help of artificial [&hellip;]\" \/>\n<meta property=\"og:url\" content=\"https:\/\/emis.misa.vn\/emis-kindergarten\/en\/preschool-management-software-for-teachers\/\" \/>\n<meta property=\"og:site_name\" content=\"Ph\u1ea7n m\u1ec1m qu\u1ea3n l\u00fd tr\u01b0\u1eddng h\u1ecdc\" \/>\n<meta property=\"og:image\" content=\"https:\/\/emis.misa.vn\/emis-kindergarten\/wp-content\/uploads\/2024\/05\/441426850_357854853449129_2140139391473984531_n.png\" \/>\n\t<meta property=\"og:image:width\" content=\"600\" \/>\n\t<meta property=\"og:image:height\" content=\"340\" \/>\n\t<meta property=\"og:image:type\" content=\"image\/png\" \/>\n<meta name=\"twitter:card\" content=\"summary_large_image\" \/>\n<meta name=\"twitter:label1\" content=\"Est. reading time\" \/>\n\t<meta name=\"twitter:data1\" content=\"1 minute\" \/>\n<!-- \/ Yoast SEO plugin. -->","yoast_head_json":{"title":"Ph\u1ea7n m\u1ec1m qu\u1ea3n l\u00fd tr\u01b0\u1eddng m\u1ea7m non - d\u00e0nh cho gi\u00e1o vi\u00ean","robots":{"index":"index","follow":"follow","max-snippet":"max-snippet:-1","max-image-preview":"max-image-preview:large","max-video-preview":"max-video-preview:-1"},"canonical":"https:\/\/emis.misa.vn\/emis-kindergarten\/en\/preschool-management-software-for-teachers\/","og_locale":"en_US","og_type":"article","og_title":"Ph\u1ea7n m\u1ec1m qu\u1ea3n l\u00fd tr\u01b0\u1eddng m\u1ea7m non - d\u00e0nh cho gi\u00e1o vi\u00ean","og_description":"Simplify teachers&#8217; workflow Application helps manage classrooms, evaluate students, communicate with parents easily Register for consultation Try for free Automatic, accurate attendance Attendance via face recognition Automatically send attendance results to accounting and related departments, saving teachers&#8217; reporting time Try for free Communicate with parents using smart assistant Message easily with the help of artificial [&hellip;]","og_url":"https:\/\/emis.misa.vn\/emis-kindergarten\/en\/preschool-management-software-for-teachers\/","og_site_name":"Ph\u1ea7n m\u1ec1m qu\u1ea3n l\u00fd tr\u01b0\u1eddng h\u1ecdc","og_image":[{"width":600,"height":340,"url":"https:\/\/emis.misa.vn\/emis-kindergarten\/wp-content\/uploads\/2024\/05\/441426850_357854853449129_2140139391473984531_n.png","type":"image\/png"}],"twitter_card":"summary_large_image","twitter_misc":{"Est. reading time":"1 minute"},"schema":{"@context":"https:\/\/schema.org","@graph":[{"@type":"WebPage","@id":"https:\/\/emis.misa.vn\/emis-kindergarten\/en\/preschool-management-software-for-teachers\/","url":"https:\/\/emis.misa.vn\/emis-kindergarten\/en\/preschool-management-software-for-teachers\/","name":"Ph\u1ea7n m\u1ec1m qu\u1ea3n l\u00fd tr\u01b0\u1eddng m\u1ea7m non - d\u00e0nh cho gi\u00e1o vi\u00ean","isPartOf":{"@id":"https:\/\/emis.misa.vn\/emis-kindergarten\/#website"},"datePublished":"2025-10-14T08:16:21+00:00","dateModified":"2025-10-14T08:16:21+00:00","breadcrumb":{"@id":"https:\/\/emis.misa.vn\/emis-kindergarten\/en\/preschool-management-software-for-teachers\/#breadcrumb"},"inLanguage":"en-US","potentialAction":[{"@type":"ReadAction","target":["https:\/\/emis.misa.vn\/emis-kindergarten\/en\/preschool-management-software-for-teachers\/"]}]},{"@type":"BreadcrumbList","@id":"https:\/\/emis.misa.vn\/emis-kindergarten\/en\/preschool-management-software-for-teachers\/#breadcrumb","itemListElement":[{"@type":"ListItem","position":1,"name":"Home","item":"https:\/\/emis.misa.vn\/emis-kindergarten\/"},{"@type":"ListItem","position":2,"name":"Preschool management software &#8211; for teachers"}]}]}},"_links":{"self":[{"href":"https:\/\/emis.misa.vn\/emis-kindergarten\/wp-json\/wp\/v2\/pages\/3351","targetHints":{"allow":["GET"]}}],"collection":[{"href":"https:\/\/emis.misa.vn\/emis-kindergarten\/wp-json\/wp\/v2\/pages"}],"about":[{"href":"https:\/\/emis.misa.vn\/emis-kindergarten\/wp-json\/wp\/v2\/types\/page"}],"author":[{"embeddable":true,"href":"https:\/\/emis.misa.vn\/emis-kindergarten\/wp-json\/wp\/v2\/users\/119"}],"replies":[{"embeddable":true,"href":"https:\/\/emis.misa.vn\/emis-kindergarten\/wp-json\/wp\/v2\/comments?post=3351"}],"version-history":[{"count":1,"href":"https:\/\/emis.misa.vn\/emis-kindergarten\/wp-json\/wp\/v2\/pages\/3351\/revisions"}],"predecessor-version":[{"id":3353,"href":"https:\/\/emis.misa.vn\/emis-kindergarten\/wp-json\/wp\/v2\/pages\/3351\/revisions\/3353"}],"wp:featuredmedia":[{"embeddable":true,"href":"https:\/\/emis.misa.vn\/emis-kindergarten\/wp-json\/wp\/v2\/media\/1001"}],"wp:attachment":[{"href":"https:\/\/emis.misa.vn\/emis-kindergarten\/wp-json\/wp\/v2\/media?parent=3351"}],"curies":[{"name":"wp","href":"https:\/\/api.w.org\/{rel}","templated":true}]}}