{"id":975,"date":"2024-05-17T14:16:20","date_gmt":"2024-05-17T07:16:20","guid":{"rendered":"https:\/\/emis.misa.vn\/?page_id=975"},"modified":"2026-03-31T17:26:08","modified_gmt":"2026-03-31T10:26:08","slug":"family","status":"publish","type":"page","link":"https:\/\/emis.misa.vn\/emis-kindergarten\/family\/","title":{"rendered":"Ph\u1ea7n m\u1ec1m qu\u1ea3n l\u00fd tr\u01b0\u1eddng h\u1ecdc &#8211; d\u00e0nh cho ph\u1ee5 huynh"},"content":{"rendered":"\r\n<link rel=\"stylesheet\" href=\"\/emis-kindergarten\/qlth\/css\/emis-kinde-garden-family.css?ver=0.1\">\r\n<!-- Google tag (gtag.js) -->\r\n<script async src=\"https:\/\/www.googletagmanager.com\/gtag\/js?id=G-N189H5T6YP\"><\/script>\r\n<script>\r\n  window.dataLayer = window.dataLayer || [];\r\n  function gtag(){dataLayer.push(arguments);}\r\n  gtag('js', new Date());\r\n\r\n  gtag('config', 'G-N189H5T6YP');\r\n<\/script>\r\n<div class=\"main-page\">\r\n    <section class=\"banner block-padding\">\r\n        <div class=\"banner-cloud\">\r\n            <img decoding=\"async\" id=\"imgCloud\" src=\"\/emis-kindergarten\/qlth\/images\/emis-kinde-garden-school\/bg-cloud.png\"\r\n                alt=\"N\u1ec1n t\u1ea3ng giao ti\u1ebfp tr\u01b0\u1eddng h\u1ecdc tr\u1ef1c quan d\u1ec5 d\u00e0ng theo d\u00f5i con b\u1ea1n m\u1ecdi n\u01a1i\">\r\n        <\/div>\r\n        <div class=\"banner-img\">\r\n            <img decoding=\"async\" id=\"bannerMainimg\" src=\"\/emis-kindergarten\/qlth\/images\/emis-kinde-garden-family\/img-banner-1.webp\"\r\n                alt=\"N\u1ec1n t\u1ea3ng giao ti\u1ebfp tr\u01b0\u1eddng h\u1ecdc tr\u1ef1c quan d\u1ec5 d\u00e0ng theo d\u00f5i con b\u1ea1n m\u1ecdi n\u01a1i\">\r\n            <img decoding=\"async\" id=\"bannerBgimg\" src=\"\/emis-kindergarten\/qlth\/images\/emis-kinde-garden-family\/img-banner-2.png\"\r\n                alt=\"N\u1ec1n t\u1ea3ng giao ti\u1ebfp tr\u01b0\u1eddng h\u1ecdc tr\u1ef1c quan d\u1ec5 d\u00e0ng theo d\u00f5i con b\u1ea1n m\u1ecdi n\u01a1i\">\r\n\r\n        <\/div>\r\n        <div class=\"container\">\r\n            <div class=\"row\">\r\n                <div class=\"col-md-12\">\r\n                    <img decoding=\"async\" id=\"bannerCloud\" src=\"\/emis-kindergarten\/qlth\/images\/emis-kinde-garden-family\/ic-cloud.svg\"\r\n                        alt=\"N\u1ec1n t\u1ea3ng giao ti\u1ebfp tr\u01b0\u1eddng h\u1ecdc tr\u1ef1c quan d\u1ec5 d\u00e0ng theo d\u00f5i con b\u1ea1n m\u1ecdi n\u01a1i\">\r\n                    <div class=\"banner-logo text-bold text-left\">\r\n                        <img loading=\"lazy\" decoding=\"async\" width=\"566\" height=\"78\" src=\"\/emis-kindergarten\/qlth\/images\/emis-kinde-garden-family\/site-title.png\" alt=\"EMIS KINDERGARTEN\">\r\n                    <\/div>\r\n                    <h1 class=\"title text-left text-bold\">\r\n                        N\u1ec1n t\u1ea3ng t\u01b0\u01a1ng t\u00e1c hi\u1ec7u qu\u1ea3, \u0111\u1ed3ng h\u00e0nh<br> c\u00f9ng con tr\u00ean h\u00e0nh tr\u00ecnh <span class=\"nowrap\">h\u1ecdc\r\n                            t\u1eadp<\/span>\r\n                    <\/h1>\r\n                    <div class=\"subtitle text-left\">\r\n                        C\u00e1c th\u00f4ng tin c\u1ee7a con t\u1ea1i tr\u01b0\u1eddng \u0111\u01b0\u1ee3c c\u1eadp nh\u1eadt \u0111\u1ea7y<br> \u0111\u1ee7 v\u00e0 ngay t\u1ee9c kh\u1eafc gi\u00fap b\u1ea1n \u0111\u1ed3ng h\u00e0nh\r\n                        c\u00f9ng con<br> trong qu\u00e1 tr\u00ecnh <span class=\"nowrap\">h\u1ecdc t\u1eadp<\/span>\r\n                    <\/div>\r\n                    <div class=\"banner-ctn\">\r\n                        <a href=\"#register\" class=\"btn-base btn-advise btn-register\">\u0110\u0103ng k\u00fd t\u01b0 v\u1ea5n<\/a>\r\n                        <a href=\"#\" class=\"btn-base btn-trial\">D\u00f9ng th\u1eed mi\u1ec5n ph\u00ed\r\n                            <img decoding=\"async\" class=\"mouse-event\" src=\"\/emis-kindergarten\/qlth\/images\/emis-kinde-garden-family\/mouse-event.gif\" alt=\"icon\">\r\n                        <\/a>\r\n                    <\/div>\r\n                <\/div>\r\n                <div class=\"col-md-12 img-mobile\">\r\n                    <img decoding=\"async\" src=\"\/emis-kindergarten\/qlth\/images\/emis-kinde-garden-family\/img-banner.png\"\r\n                        alt=\"Emis kindergarden\">\r\n                <\/div>\r\n            <\/div>\r\n        <\/div>\r\n    <\/section>\r\n    <section class=\"benefit block-padding\">\r\n        <div class=\"container\">\r\n            <div class=\"row\">\r\n                <div class=\"col-md-24 no-padding\">\r\n                    <div class=\"benefit-container\">\r\n                        <div>\r\n                            <div class=\"benefit-text\">\r\n                                <h2 class=\"content-title text-left text-bold\">\r\n                                    Theo d\u00f5i s\u1ef1 an to\u00e0n c\u1ee7a con\r\n                                <\/h2>\r\n                                <div class=\"benefit-ctn\">\r\n                                    <div>\u0110i\u1ec3m danh b\u1eb1ng h\u00ecnh \u1ea3nh gi\u00fap ph\u1ee5 huynh c\u1eadp nh\u1eadt t\u00ecnh h\u00ecnh t\u1ee9c th\u1eddi, <span\r\n                                            class=\"nowrap\">ch\u00ednh x\u00e1c<\/span><\/div>\r\n                                    <div>Theo d\u00f5i t\u00ecnh h\u00ecnh ho\u1ea1t \u0111\u1ed9ng, th\u1ef1c \u0111\u01a1n, s\u1ee9c kh\u1ecfe, <span class=\"nowrap\">chuy\u00ean\r\n                                            c\u1ea7n,&#8230;<\/span><\/div>\r\n                                <\/div>\r\n                                <div class=\"benefit-btn\">\r\n                                    <a href=\"#register\" class=\"btn-base btn-trial\">D\u00f9ng th\u1eed mi\u1ec5n ph\u00ed\r\n                                        <img decoding=\"async\" class=\"mouse-event\" src=\"\/emis-kindergarten\/qlth\/images\/emis-kinde-garden-family\/mouse-event.gif\" alt=\"icon\">\r\n                                    <\/a>\r\n                                <\/div>\r\n                            <\/div>\r\n                            <div class=\"benefit-img\">\r\n                                <img decoding=\"async\" src=\"\/emis-kindergarten\/qlth\/images\/emis-kinde-garden-family\/img-benefit-1.webp\"\r\n                                    alt=\"Tuy\u1ec3n sinh online \u0111\u01a1n gi\u1ea3n h\u00f3a qu\u00e1 tr\u00ecnh \u0111\u0103ng k\u00fd\">\r\n                            <\/div>\r\n                        <\/div>\r\n                        <div>\r\n                            <div class=\"benefit-text\">\r\n                                <h2 class=\"content-title text-left text-bold\">\r\n                                    Tin nh\u1eafn, tr\u00f2 chuy\u1ec7n v\u1edbi <span class=\"nowrap\">gi\u00e1o vi\u00ean<\/span>\r\n                                <\/h2>\r\n                                <div class=\"benefit-ctn\">\r\n                                    <div>D\u1ec5 d\u00e0ng d\u1eb7n thu\u1ed1c, xin ngh\u1ec9 ph\u00e9p qua <span class=\"nowrap\">\u1ee9ng d\u1ee5ng<\/span><\/div>\r\n                                    <div>D\u1ec5 d\u00e0ng nh\u1eafn tin v\u00e0 trao \u0111\u1ed5i v\u1edbi gi\u00e1o vi\u00ean qua <span class=\"nowrap\">\u1ee9ng\r\n                                            d\u1ee5ng<\/span><\/div>\r\n                                <\/div>\r\n                                <div class=\"benefit-btn\">\r\n                                    <a href=\"#register\" class=\"btn-base btn-trial\">D\u00f9ng th\u1eed mi\u1ec5n ph\u00ed\r\n                                        <img decoding=\"async\" class=\"mouse-event\" src=\"\/emis-kindergarten\/qlth\/images\/emis-kinde-garden-family\/mouse-event.gif\" alt=\"icon\">\r\n                                    <\/a>\r\n                                <\/div>\r\n                            <\/div>\r\n                            <div class=\"benefit-img\">\r\n                                <img decoding=\"async\" src=\"\/emis-kindergarten\/qlth\/images\/emis-kinde-garden-family\/img-benefit-2.webp\"\r\n                                    alt=\"Tuy\u1ec3n sinh online \u0111\u01a1n gi\u1ea3n h\u00f3a qu\u00e1 tr\u00ecnh \u0111\u0103ng k\u00fd\">\r\n                            <\/div>\r\n                        <\/div>\r\n                        <div>\r\n                            <div class=\"benefit-text\">\r\n                                <h2 class=\"content-title text-left text-bold\">\r\n                                    C\u1eadp nh\u1eadt ho\u1ea1t \u0111\u1ed9ng h\u1ecdc t\u1eadp <span class=\"nowrap\">h\u00e0ng ng\u00e0y<\/span>\r\n                                <\/h2>\r\n                                <div class=\"benefit-ctn\">\r\n                                    <div>C\u00f4ng ngh\u1ec7 AI t\u1ef1 \u0111\u1ed9ng nh\u1eadn di\u1ec7n tr\u1ebb c\u1ee7a t\u1eebng ph\u1ee5 huynh v\u00e0 hi\u1ec3n th\u1ecb tr\u00ean <span\r\n                                            class=\"nowrap\">b\u1ea3ng tin.<\/span><\/div>\r\n                                <\/div>\r\n                                <div class=\"benefit-btn\">\r\n                                    <a href=\"#register\" class=\"btn-base btn-trial\">D\u00f9ng th\u1eed mi\u1ec5n ph\u00ed\r\n                                        <img decoding=\"async\" class=\"mouse-event\" src=\"\/emis-kindergarten\/qlth\/images\/emis-kinde-garden-family\/mouse-event.gif\" alt=\"icon\">\r\n                                    <\/a>\r\n                                <\/div>\r\n                            <\/div>\r\n                            <div class=\"benefit-img\">\r\n                                <img decoding=\"async\" src=\"\/emis-kindergarten\/qlth\/images\/emis-kinde-garden-family\/img-benefit-3.webp\"\r\n                                    alt=\"Tuy\u1ec3n sinh online \u0111\u01a1n gi\u1ea3n h\u00f3a qu\u00e1 tr\u00ecnh \u0111\u0103ng k\u00fd\">\r\n                            <\/div>\r\n                        <\/div>\r\n                        <div>\r\n                            <div class=\"benefit-text\">\r\n                                <h2 class=\"content-title text-left text-bold\">\r\n                                    H\u1ecdc ph\u00ed minh b\u1ea1ch, <span class=\"nowrap\">r\u00f5 r\u00e0ng<\/span>\r\n                                <\/h2>\r\n                                <div class=\"benefit-ctn\">\r\n                                    <div>Thanh to\u00e1n h\u1ecdc ph\u00ed <span class=\"nowrap\">tr\u1ef1c tuy\u1ebfn<\/span><\/div>\r\n                                    <div>Theo d\u00f5i v\u00e0 th\u1ed1ng k\u00ea th\u00f4ng tin h\u1ecdc ph\u00ed chi ti\u1ebft theo t\u1eebng kho\u1ea3n thu v\u00e0 theo\r\n                                        <span class=\"nowrap\">t\u1eebng \u0111\u1ee3t<\/span><\/div>\r\n                                <\/div>\r\n                                <div class=\"benefit-btn\">\r\n                                    <a href=\"#register\" class=\"btn-base btn-trial\">D\u00f9ng th\u1eed mi\u1ec5n ph\u00ed\r\n                                        <img decoding=\"async\" class=\"mouse-event\" src=\"\/emis-kindergarten\/qlth\/images\/emis-kinde-garden-family\/mouse-event.gif\" alt=\"icon\">\r\n                                    <\/a>\r\n                                <\/div>\r\n                            <\/div>\r\n                            <div class=\"benefit-img\">\r\n                                <img decoding=\"async\" src=\"\/emis-kindergarten\/qlth\/images\/emis-kinde-garden-family\/img-benefit-4.webp\"\r\n                                    alt=\"Tuy\u1ec3n sinh online \u0111\u01a1n gi\u1ea3n h\u00f3a qu\u00e1 tr\u00ecnh \u0111\u0103ng k\u00fd\">\r\n                            <\/div>\r\n                        <\/div>\r\n                    <\/div>\r\n                <\/div>\r\n            <\/div>\r\n        <\/div>\r\n    <\/section>\r\n    <section class=\"register block-padding\" id=\"register\">\r\n        <div class=\"register-flower\">\r\n            <img decoding=\"async\" id=\"Registerflow1\" src=\"\/emis-kindergarten\/qlth\/images\/emis-kinde-garden-school\/img-flower-1.png\"\r\n                alt=\"N\u1ec0N T\u1ea2NG QU\u1ea2N L\u00dd TR\u01af\u1edcNG M\u1ea6M NON\">\r\n            <img decoding=\"async\" id=\"Registerflow2\" src=\"\/emis-kindergarten\/qlth\/images\/emis-kinde-garden-school\/img-flower-2.png\"\r\n                alt=\"N\u1ec0N T\u1ea2NG QU\u1ea2N L\u00dd TR\u01af\u1edcNG M\u1ea6M NON\">\r\n            <img decoding=\"async\" id=\"RegisterHuman\" src=\"\/emis-kindergarten\/qlth\/images\/emis-kinde-garden-school\/img-form.png\"\r\n                alt=\"N\u1ec0N T\u1ea2NG QU\u1ea2N L\u00dd TR\u01af\u1edcNG M\u1ea6M NON\">\r\n        <\/div>\r\n        <div class=\"container\">\r\n            <div class=\"row\">\r\n                <div class=\"col-md-14 register-text\">\r\n                    <div class=\"regsiter-logo text-bold text-left\">\r\n                        EMIS KINDERGARTEN\r\n                    <\/div>\r\n                    <h3 class=\"regsiter-title text-bold text-upper text-left\">\r\n                        N\u1ec0N T\u1ea2NG QU\u1ea2N L\u00dd TR\u01af\u1edcNG M\u1ea6M NON\r\n                    <\/h3>\r\n                    <div class=\"register-content\">\r\n                        V\u1edbi EMIS Kindergarten, nh\u00e0 tr\u01b0\u1eddng d\u1ec5 d\u00e0ng x\u00e2y d\u1ef1ng s\u1ef1 g\u1eafn k\u1ebft c\u00f9ng ph\u1ee5 huynh, \u0111\u01b0\u1ee3c h\u1ed7 tr\u1ee3 mi\u1ec5n\r\n                        ph\u00ed to\u00e0n b\u1ed9 c\u00f4ng t\u00e1c tri\u1ec3n khai, mi\u1ec5n ph\u00ed ho\u00e0n to\u00e0n chi ph\u00ed s\u1eed d\u1ee5ng s\u1ea3n ph\u1ea9m, hi\u1ec7n th\u1ef1c h\u00f3a m\u00f4i\r\n                        tr\u01b0\u1eddng gi\u00e1o d\u1ee5c ho\u00e0n h\u1ea3o.\r\n                    <\/div>\r\n                <\/div>\r\n                <div class=\"col-md-10 register-form\">\r\n                    <!-- AMIS aiMarketing Form Embed Code -->\r\n                    <div class=\"aimarketing-form-embed-code\">\r\n                        <script env=production id=\"ladizone-form-renderer\"\r\n                            src=\"https:\/\/amismisa.misacdn.net\/apps\/aimarketing\/form-editor\/static\/js\/form-renderer.js\"><\/script>\r\n                        <script render-for=\"233f0174-9722-49c5-9a7a-509edc34a3fa\">\r\n                            globalThis.lzfr.renderExternalForm({ formId: \"233f0174-9722-49c5-9a7a-509edc34a3fa\", tenantId: \"56c33c47-78ec-4b3a-92ba-9fdb7830a6d4\", domainUnomi: \"https:\/\/ladizone.com\" });\r\n                        <\/script>\r\n                    <\/div>\r\n                    <!-- end AMIS aiMarketing Form Embed Code -->\r\n                <\/div>\r\n            <\/div>\r\n        <\/div>\r\n    <\/section>\r\n    <div class=\"register-popup\">\r\n        <div class=\"register-popup-content\">\r\n            <div class=\"register-popup-wrap\">\r\n                <div class=\"register-popup-text\">\r\n                    <div class=\"register-popup-title\">\r\n                        <img decoding=\"async\" src=\"\/emis-kindergarten\/qlth\/images\/emis-mam-non\/ic-popup-title.png\" alt=\"EMIS KINDERGARTEN\">\r\n                    <\/div>\r\n                    <div class=\"register-popup-desc\">\r\n                        <div>\r\n                            S\u1eed d\u1ee5ng <span class=\"text-bold\">HO\u00c0N TO\u00c0N MI\u1ec4N PH\u00cd<\/span> <br>\r\n                            ph\u1ea7n m\u1ec1m <span class=\"text-bold\">EMIS Kindergarten<\/span>\r\n                        <\/div>\r\n                        <div>Qu\u1ea3n l\u00fd <span class=\"text-bold\">to\u00e0n di\u1ec7n<\/span> nghi\u1ec7p v\u1ee5 tr\u01b0\u1eddng m\u1ea7m non: Nu\u00f4i d\u1ea1y, t\u00e0i ch\u00ednh,\r\n                            t\u01b0\u01a1ng t\u00e1c ph\u1ee5 huynh&#8230;<\/div>\r\n                        <div>Gi\u1ea3i ph\u00e1p ti\u00ean phong <span class=\"text-bold\">\u1ee9ng d\u1ee5ng AI<\/span>, t\u1ed1i \u01b0u hi\u1ec7u qu\u1ea3 c\u00f4ng t\u00e1c qu\u1ea3n\r\n                            l\u00fd v\u00e0 gi\u1ea3ng d\u1ea1y<\/div>\r\n                        <div>K\u1ebft n\u1ed1i <span class=\"text-bold\">gi\u00e1o vi\u00ean &#8211; ph\u1ee5 huynh<\/span> nhanh ch\u00f3ng tr\u00ean c\u00f9ng m\u1ed9t n\u1ec1n t\u1ea3ng\r\n                        <\/div>\r\n                    <\/div>\r\n                <\/div>\r\n                <div class=\"register-popup-form\">\r\n                    <div class=\"popup-form-header\">\r\n                        <div class=\"popup-form-title\">\r\n                            \u0110\u0103ng k\u00fd t\u01b0 v\u1ea5n\r\n                        <\/div>\r\n                        <div class=\"popup-form-close\">\r\n                            <img decoding=\"async\" src=\"\/emis-kindergarten\/qlth\/images\/emis-mam-non\/ic-close.svg\" alt=\"close\">\r\n                        <\/div>\r\n                    <\/div>\r\n                    <div class=\"popup-form-body\">\r\n                        <!-- AMIS aiMarketing Form Embed Code -->\r\n                        <div class=\"aimarketing-form-embed-code\">\r\n                            <script env=production id=\"ladizone-form-renderer\"\r\n                                src=\"https:\/\/amismisa.misacdn.net\/apps\/aimarketing\/form-editor\/static\/js\/form-renderer.js\"><\/script>\r\n                            <script render-for=\"233f0174-9722-49c5-9a7a-509edc34a3fa\">\r\n                                globalThis.lzfr.renderExternalForm({ formId: \"233f0174-9722-49c5-9a7a-509edc34a3fa\", tenantId: \"56c33c47-78ec-4b3a-92ba-9fdb7830a6d4\", domainUnomi: \"https:\/\/ladizone.com\" });\r\n                            <\/script>\r\n                        <\/div>\r\n                        <!-- end AMIS aiMarketing Form Embed Code -->\r\n                    <\/div>\r\n                <\/div>\r\n            <\/div>\r\n            <div class=\"register-popup-bg\">\r\n                <img decoding=\"async\" src=\"\/emis-kindergarten\/qlth\/images\/emis-mam-non\/bg-popup.webp\" alt=\"EMIS KINDERGARTEN\">\r\n            <\/div>\r\n        <\/div>\r\n    <\/div>\r\n<\/div>\r\n<script>\r\n    jQuery(document).ready(function () {\r\n        jQuery('.td-header-style-7 .td-header-sp-logo a').attr('href', 'https:\/\/emis.misa.vn\/emis-kindergarten\/')\r\n    })\r\n<\/script>\r\n<script src=\"\/emis-kindergarten\/qlth\/js\/emis-kindergarten.js?ver=0.1\"><\/script>\r\n","protected":false},"excerpt":{"rendered":"<p>N\u1ec1n t\u1ea3ng t\u01b0\u01a1ng t\u00e1c hi\u1ec7u qu\u1ea3, \u0111\u1ed3ng h\u00e0nh c\u00f9ng con tr\u00ean h\u00e0nh tr\u00ecnh h\u1ecdc t\u1eadp C\u00e1c th\u00f4ng tin c\u1ee7a con t\u1ea1i tr\u01b0\u1eddng \u0111\u01b0\u1ee3c c\u1eadp nh\u1eadt \u0111\u1ea7y \u0111\u1ee7 v\u00e0 ngay t\u1ee9c kh\u1eafc gi\u00fap b\u1ea1n \u0111\u1ed3ng h\u00e0nh c\u00f9ng con trong qu\u00e1 tr\u00ecnh h\u1ecdc t\u1eadp \u0110\u0103ng k\u00fd t\u01b0 v\u1ea5n D\u00f9ng th\u1eed mi\u1ec5n ph\u00ed Theo d\u00f5i s\u1ef1 an to\u00e0n [&hellip;]<\/p>\n","protected":false},"author":104,"featured_media":1001,"parent":0,"menu_order":0,"comment_status":"closed","ping_status":"closed","template":"","meta":{"_acf_changed":false,"footnotes":""},"class_list":["post-975","page","type-page","status-publish","has-post-thumbnail","hentry"],"acf":[],"yoast_head":"<!-- This site is optimized with the Yoast SEO plugin v21.7 - https:\/\/yoast.com\/wordpress\/plugins\/seo\/ -->\n<title>Ph\u1ea7n m\u1ec1m qu\u1ea3n l\u00fd tr\u01b0\u1eddng h\u1ecdc - d\u00e0nh cho ph\u1ee5 huynh<\/title>\n<meta name=\"robots\" content=\"index, follow, max-snippet:-1, max-image-preview:large, max-video-preview:-1\" \/>\n<link rel=\"canonical\" href=\"https:\/\/emis.misa.vn\/emis-kindergarten\/family\/\" \/>\n<meta property=\"og:locale\" content=\"en_US\" \/>\n<meta property=\"og:type\" content=\"article\" \/>\n<meta property=\"og:title\" content=\"Ph\u1ea7n m\u1ec1m qu\u1ea3n l\u00fd tr\u01b0\u1eddng h\u1ecdc - d\u00e0nh cho ph\u1ee5 huynh\" \/>\n<meta property=\"og:description\" content=\"N\u1ec1n t\u1ea3ng t\u01b0\u01a1ng t\u00e1c hi\u1ec7u qu\u1ea3, \u0111\u1ed3ng h\u00e0nh c\u00f9ng con tr\u00ean h\u00e0nh tr\u00ecnh h\u1ecdc t\u1eadp C\u00e1c th\u00f4ng tin c\u1ee7a con t\u1ea1i tr\u01b0\u1eddng \u0111\u01b0\u1ee3c c\u1eadp nh\u1eadt \u0111\u1ea7y \u0111\u1ee7 v\u00e0 ngay t\u1ee9c kh\u1eafc gi\u00fap b\u1ea1n \u0111\u1ed3ng h\u00e0nh c\u00f9ng con trong qu\u00e1 tr\u00ecnh h\u1ecdc t\u1eadp \u0110\u0103ng k\u00fd t\u01b0 v\u1ea5n D\u00f9ng th\u1eed mi\u1ec5n ph\u00ed Theo d\u00f5i s\u1ef1 an to\u00e0n [&hellip;]\" \/>\n<meta property=\"og:url\" content=\"https:\/\/emis.misa.vn\/emis-kindergarten\/family\/\" \/>\n<meta property=\"og:site_name\" content=\"Ph\u1ea7n m\u1ec1m qu\u1ea3n l\u00fd tr\u01b0\u1eddng h\u1ecdc\" \/>\n<meta property=\"article:modified_time\" content=\"2026-03-31T10:26:08+00:00\" \/>\n<meta property=\"og:image\" content=\"https:\/\/emis.misa.vn\/emis-kindergarten\/wp-content\/uploads\/2024\/05\/441426850_357854853449129_2140139391473984531_n.png\" \/>\n\t<meta property=\"og:image:width\" content=\"600\" \/>\n\t<meta property=\"og:image:height\" content=\"340\" \/>\n\t<meta property=\"og:image:type\" content=\"image\/png\" \/>\n<meta name=\"twitter:card\" content=\"summary_large_image\" \/>\n<meta name=\"twitter:label1\" content=\"Est. reading time\" \/>\n\t<meta name=\"twitter:data1\" content=\"6 minutes\" \/>\n<!-- \/ Yoast SEO plugin. -->","yoast_head_json":{"title":"Ph\u1ea7n m\u1ec1m qu\u1ea3n l\u00fd tr\u01b0\u1eddng h\u1ecdc - d\u00e0nh cho ph\u1ee5 huynh","robots":{"index":"index","follow":"follow","max-snippet":"max-snippet:-1","max-image-preview":"max-image-preview:large","max-video-preview":"max-video-preview:-1"},"canonical":"https:\/\/emis.misa.vn\/emis-kindergarten\/family\/","og_locale":"en_US","og_type":"article","og_title":"Ph\u1ea7n m\u1ec1m qu\u1ea3n l\u00fd tr\u01b0\u1eddng h\u1ecdc - d\u00e0nh cho ph\u1ee5 huynh","og_description":"N\u1ec1n t\u1ea3ng t\u01b0\u01a1ng t\u00e1c hi\u1ec7u qu\u1ea3, \u0111\u1ed3ng h\u00e0nh c\u00f9ng con tr\u00ean h\u00e0nh tr\u00ecnh h\u1ecdc t\u1eadp C\u00e1c th\u00f4ng tin c\u1ee7a con t\u1ea1i tr\u01b0\u1eddng \u0111\u01b0\u1ee3c c\u1eadp nh\u1eadt \u0111\u1ea7y \u0111\u1ee7 v\u00e0 ngay t\u1ee9c kh\u1eafc gi\u00fap b\u1ea1n \u0111\u1ed3ng h\u00e0nh c\u00f9ng con trong qu\u00e1 tr\u00ecnh h\u1ecdc t\u1eadp \u0110\u0103ng k\u00fd t\u01b0 v\u1ea5n D\u00f9ng th\u1eed mi\u1ec5n ph\u00ed Theo d\u00f5i s\u1ef1 an to\u00e0n [&hellip;]","og_url":"https:\/\/emis.misa.vn\/emis-kindergarten\/family\/","og_site_name":"Ph\u1ea7n m\u1ec1m qu\u1ea3n l\u00fd tr\u01b0\u1eddng h\u1ecdc","article_modified_time":"2026-03-31T10:26:08+00:00","og_image":[{"width":600,"height":340,"url":"https:\/\/emis.misa.vn\/emis-kindergarten\/wp-content\/uploads\/2024\/05\/441426850_357854853449129_2140139391473984531_n.png","type":"image\/png"}],"twitter_card":"summary_large_image","twitter_misc":{"Est. reading time":"6 minutes"},"schema":{"@context":"https:\/\/schema.org","@graph":[{"@type":"WebPage","@id":"https:\/\/emis.misa.vn\/emis-kindergarten\/family\/","url":"https:\/\/emis.misa.vn\/emis-kindergarten\/family\/","name":"Ph\u1ea7n m\u1ec1m qu\u1ea3n l\u00fd tr\u01b0\u1eddng h\u1ecdc - d\u00e0nh cho ph\u1ee5 huynh","isPartOf":{"@id":"https:\/\/emis.misa.vn\/emis-kindergarten\/#website"},"datePublished":"2024-05-17T07:16:20+00:00","dateModified":"2026-03-31T10:26:08+00:00","breadcrumb":{"@id":"https:\/\/emis.misa.vn\/emis-kindergarten\/family\/#breadcrumb"},"inLanguage":"en-US","potentialAction":[{"@type":"ReadAction","target":["https:\/\/emis.misa.vn\/emis-kindergarten\/family\/"]}]},{"@type":"BreadcrumbList","@id":"https:\/\/emis.misa.vn\/emis-kindergarten\/family\/#breadcrumb","itemListElement":[{"@type":"ListItem","position":1,"name":"Home","item":"https:\/\/emis.misa.vn\/emis-kindergarten\/"},{"@type":"ListItem","position":2,"name":"Ph\u1ea7n m\u1ec1m qu\u1ea3n l\u00fd tr\u01b0\u1eddng h\u1ecdc &#8211; d\u00e0nh cho ph\u1ee5 huynh"}]}]}},"_links":{"self":[{"href":"https:\/\/emis.misa.vn\/emis-kindergarten\/wp-json\/wp\/v2\/pages\/975","targetHints":{"allow":["GET"]}}],"collection":[{"href":"https:\/\/emis.misa.vn\/emis-kindergarten\/wp-json\/wp\/v2\/pages"}],"about":[{"href":"https:\/\/emis.misa.vn\/emis-kindergarten\/wp-json\/wp\/v2\/types\/page"}],"author":[{"embeddable":true,"href":"https:\/\/emis.misa.vn\/emis-kindergarten\/wp-json\/wp\/v2\/users\/104"}],"replies":[{"embeddable":true,"href":"https:\/\/emis.misa.vn\/emis-kindergarten\/wp-json\/wp\/v2\/comments?post=975"}],"version-history":[{"count":4,"href":"https:\/\/emis.misa.vn\/emis-kindergarten\/wp-json\/wp\/v2\/pages\/975\/revisions"}],"predecessor-version":[{"id":4423,"href":"https:\/\/emis.misa.vn\/emis-kindergarten\/wp-json\/wp\/v2\/pages\/975\/revisions\/4423"}],"wp:featuredmedia":[{"embeddable":true,"href":"https:\/\/emis.misa.vn\/emis-kindergarten\/wp-json\/wp\/v2\/media\/1001"}],"wp:attachment":[{"href":"https:\/\/emis.misa.vn\/emis-kindergarten\/wp-json\/wp\/v2\/media?parent=975"}],"curies":[{"name":"wp","href":"https:\/\/api.w.org\/{rel}","templated":true}]}}