{"id":979,"date":"2024-05-17T14:31:51","date_gmt":"2024-05-17T07:31:51","guid":{"rendered":"https:\/\/emis.misa.vn\/?page_id=979"},"modified":"2026-03-31T17:26:40","modified_gmt":"2026-03-31T10:26:40","slug":"teacher","status":"publish","type":"page","link":"https:\/\/emis.misa.vn\/emis-kindergarten\/teacher\/","title":{"rendered":"Ph\u1ea7n m\u1ec1m qu\u1ea3n l\u00fd tr\u01b0\u1eddng m\u1ea7m non &#8211; d\u00e0nh cho gi\u00e1o vi\u00ean"},"content":{"rendered":"\r\n<p>&nbsp;<\/p>\r\n<!-- Google tag (gtag.js) -->\r\n<script async src=\"https:\/\/www.googletagmanager.com\/gtag\/js?id=G-N189H5T6YP\"><\/script>\r\n<script>\r\n  window.dataLayer = window.dataLayer || [];\r\n  function gtag(){dataLayer.push(arguments);}\r\n  gtag('js', new Date());\r\n\r\n  gtag('config', 'G-N189H5T6YP');\r\n<\/script>\r\n<div class=\"main-page\">\r\n<section class=\"banner block-padding\">\r\n<div class=\"banner-cloud\"><img decoding=\"async\" id=\"imgCloud\" src=\"\/emis-kindergarten\/qlth\/images\/emis-kinde-garden-school\/bg-cloud.png\" alt=\"Gi\u00fap \u0111\u01a1n gi\u1ea3n h\u00f3a qu\u00e1 tr\u00ecnh l\u00e0m vi\u1ec7c c\u1ee7a gi\u00e1o vi\u00ean\" \/><\/div>\r\n<div class=\"container\">\r\n<div class=\"row\">\r\n<div class=\"col-md-12\">\r\n<div class=\"banner-logo text-bold text-left\"><img loading=\"lazy\" decoding=\"async\" src=\"\/emis-kindergarten\/qlth\/images\/emis-kinde-garden-teacher\/site-title.png\" alt=\"EMIS KINDERGARTEN\" width=\"566\" height=\"78\" \/><\/div>\r\n<h1 class=\"title text-left text-bold\">\u0110\u01a1n gi\u1ea3n h\u00f3a qu\u00e1 tr\u00ecnh l\u00e0m vi\u1ec7c c\u1ee7a <span class=\"nowrap\">gi\u00e1o vi\u00ean<\/span><\/h1>\r\n<div class=\"subtitle text-left\">\u1ee8ng d\u1ee5ng gi\u00fap qu\u1ea3n l\u00fd l\u1edbp h\u1ecdc, \u0111\u00e1nh gi\u00e1 h\u1ecdc sinh, <br \/>giao ti\u1ebfp v\u1edbi ph\u1ee5 huynh h\u1ecdc sinh m\u1ed9t c\u00e1ch <span class=\"nowrap\">d\u1ec5 d\u00e0ng<\/span><\/div>\r\n<div class=\"banner-ctn\"><a class=\"btn-base btn-advise btn-register\" href=\"#register\">\u0110\u0103ng k\u00fd t\u01b0 v\u1ea5n<\/a> <a class=\"btn-base btn-trial\" href=\"#\"> D\u00f9ng th\u1eed mi\u1ec5n ph\u00ed <img decoding=\"async\" class=\"mouse-event\" src=\"\/emis-kindergarten\/qlth\/images\/emis-kinde-garden-teacher\/mouse-event.gif\" alt=\"icon\" \/> <\/a><\/div>\r\n<\/div>\r\n<div class=\"col-md-12 img-banner\"><img decoding=\"async\" src=\"\/emis-kindergarten\/qlth\/images\/emis-kinde-garden-teacher\/img-banner.webp\" alt=\"Emis kindergarden\" \/><\/div>\r\n<\/div>\r\n<\/div>\r\n<\/section>\r\n<section class=\"benefit block-padding\">\r\n<div class=\"container\">\r\n<div class=\"row\">\r\n<div class=\"col-md-24 no-padding\">\r\n<div class=\"benefit-container\">\r\n<div>\r\n<div class=\"benefit-text\">\r\n<h2 class=\"content-title text-left text-bold\">\u0110i\u1ec3m danh t\u1ef1 \u0111\u1ed9ng, <span class=\"nowrap\">ch\u00ednh x\u00e1c<\/span><\/h2>\r\n<div class=\"benefit-ctn\">\r\n<div>\u0110i\u1ec3m danh qua nh\u1eadn di\u1ec7n <span class=\"nowrap\">khu\u00f4n m\u1eb7t<\/span><\/div>\r\n<div>T\u1ef1 \u0111\u1ed9ng g\u1eedi k\u1ebft qu\u1ea3 \u0111i\u1ec3m danh \u0111\u1ebfn k\u1ebf to\u00e1n v\u00e0 c\u00e1c b\u1ed9 ph\u1eadn li\u00ean quan ti\u1ebft ki\u1ec7m th\u1eddi gian b\u00e1o c\u00e1o c\u1ee7a <span class=\"nowrap\">gi\u00e1o vi\u00ean<\/span><\/div>\r\n<\/div>\r\n<div class=\"benefit-btn\"><a class=\"btn-base btn-trial\" href=\"#register\">D\u00f9ng th\u1eed mi\u1ec5n ph\u00ed <img decoding=\"async\" class=\"mouse-event\" src=\"\/emis-kindergarten\/qlth\/images\/emis-kinde-garden-teacher\/mouse-event.gif\" alt=\"icon\" \/> <\/a><\/div>\r\n<\/div>\r\n<div class=\"benefit-img\"><img decoding=\"async\" src=\"\/emis-kindergarten\/qlth\/images\/emis-kinde-garden-teacher\/img-benefit-1.png\" alt=\"Tuy\u1ec3n sinh online \u0111\u01a1n gi\u1ea3n h\u00f3a qu\u00e1 tr\u00ecnh \u0111\u0103ng k\u00fd\" \/><\/div>\r\n<\/div>\r\n<div>\r\n<div class=\"benefit-text\">\r\n<h2 class=\"content-title text-left text-bold\">Giao ti\u1ebfp ph\u1ee5 huynh b\u1eb1ng tr\u1ee3 l\u00fd <span class=\"nowrap\">th\u00f4ng minh<\/span><\/h2>\r\n<div class=\"benefit-ctn\">\r\n<div>Nh\u1eafn tin d\u1ec5 d\u00e0ng v\u1edbi s\u1ef1 tr\u1ee3 gi\u00fap c\u1ee7a tr\u00ed tu\u1ec7 nh\u00e2n t\u1ea1o. V\u0103n b\u1ea3n \u0111\u01b0\u1ee3c r\u00e0 so\u00e1t ch\u00ednh t\u1ea3 v\u00e0 tr\u1ee3 l\u00fd \u0111o\u1ea1n v\u0103n gi\u00fap t\u1ef1 \u0111\u1ed9ng vi\u1ebft nh\u1eadn x\u00e9t theo <span class=\"nowrap\">mong mu\u1ed1n<\/span><\/div>\r\n<div>Thao t\u00e1c ch\u1ee5p h\u00ecnh v\u00e0 \u0111\u0103ng t\u1ea3i h\u00ecnh \u1ea3nh sinh \u0111\u1ed9ng c\u1ee7a con t\u1ea1i l\u1edbp h\u1ecdc ngay tr\u00ean <span class=\"nowrap\">\u1ee9ng d\u1ee5ng<\/span><\/div>\r\n<\/div>\r\n<div class=\"benefit-btn\"><a class=\"btn-base btn-trial\" href=\"#register\">D\u00f9ng th\u1eed mi\u1ec5n ph\u00ed <img decoding=\"async\" class=\"mouse-event\" src=\"\/emis-kindergarten\/qlth\/images\/emis-kinde-garden-teacher\/mouse-event.gif\" alt=\"icon\" \/> <\/a><\/div>\r\n<\/div>\r\n<div class=\"benefit-img\"><img decoding=\"async\" src=\"\/emis-kindergarten\/qlth\/images\/emis-kinde-garden-teacher\/img-benefit-2.webp\" alt=\"Tuy\u1ec3n sinh online \u0111\u01a1n gi\u1ea3n h\u00f3a qu\u00e1 tr\u00ecnh \u0111\u0103ng k\u00fd\" \/><\/div>\r\n<\/div>\r\n<div>\r\n<div class=\"benefit-text\">\r\n<h2 class=\"content-title text-left text-bold\">Nh\u1eadn x\u00e9t nhanh ch\u00f3ng, <span class=\"nowrap\">chuy\u00ean nghi\u1ec7p<\/span><\/h2>\r\n<div class=\"benefit-ctn\">\r\n<div>Nh\u1eadn x\u00e9t b\u1eb1ng <span class=\"nowrap\">gi\u1ecdng n\u00f3i<\/span><\/div>\r\n<div>V\u0103n b\u1ea3n \u0111\u01b0\u1ee3c r\u00e0 so\u00e1t ch\u00ednh t\u1ea3, v\u00e0 h\u1ed7 tr\u1ee3 vi\u1ebft l\u1ea1i m\u1ed9t c\u00e1ch t\u1ef1 nhi\u00ean, <span class=\"nowrap\">sinh \u0111\u1ed9ng<\/span><\/div>\r\n<div>T\u1ed5ng h\u1ee3p nh\u1eadn x\u00e9t ng\u00e0y, th\u00e1ng, n\u0103m b\u1eb1ng 1 <span class=\"nowrap\">thao t\u00e1c<\/span><\/div>\r\n<\/div>\r\n<div class=\"benefit-btn\"><a class=\"btn-base btn-trial\" href=\"#register\">D\u00f9ng th\u1eed mi\u1ec5n ph\u00ed <img decoding=\"async\" class=\"mouse-event\" src=\"\/emis-kindergarten\/qlth\/images\/emis-kinde-garden-teacher\/mouse-event.gif\" alt=\"icon\" \/> <\/a><\/div>\r\n<\/div>\r\n<div class=\"benefit-img\"><img decoding=\"async\" src=\"\/emis-kindergarten\/qlth\/images\/emis-kinde-garden-teacher\/img-benefit-3.webp\" alt=\"Tuy\u1ec3n sinh online \u0111\u01a1n gi\u1ea3n h\u00f3a qu\u00e1 tr\u00ecnh \u0111\u0103ng k\u00fd\" \/><\/div>\r\n<\/div>\r\n<\/div>\r\n<\/div>\r\n<\/div>\r\n<\/div>\r\n<\/section>\r\n<section id=\"register\" class=\"register block-padding\">\r\n<div class=\"register-flower\"><img decoding=\"async\" id=\"Registerflow1\" src=\"\/emis-kindergarten\/qlth\/images\/emis-kinde-garden-school\/img-flower-1.png\" alt=\"N\u1ec0N T\u1ea2NG QU\u1ea2N L\u00dd TR\u01af\u1edcNG M\u1ea6M NON\" \/> <img decoding=\"async\" id=\"Registerflow2\" src=\"\/emis-kindergarten\/qlth\/images\/emis-kinde-garden-school\/img-flower-2.png\" alt=\"N\u1ec0N T\u1ea2NG QU\u1ea2N L\u00dd TR\u01af\u1edcNG M\u1ea6M NON\" \/> <img decoding=\"async\" id=\"RegisterHuman\" src=\"\/emis-kindergarten\/qlth\/images\/emis-kinde-garden-school\/img-form.png\" alt=\"N\u1ec0N T\u1ea2NG QU\u1ea2N L\u00dd TR\u01af\u1edcNG M\u1ea6M NON\" \/><\/div>\r\n<div class=\"container\">\r\n<div class=\"row\">\r\n<div class=\"col-md-14 register-text\">\r\n<div class=\"regsiter-logo text-bold text-left\">EMIS KINDERGARTEN<\/div>\r\n<h3 class=\"regsiter-title text-bold text-upper text-left\">N\u1ec0N T\u1ea2NG QU\u1ea2N L\u00dd TR\u01af\u1edcNG M\u1ea6M NON<\/h3>\r\n<div class=\"register-content\">V\u1edbi EMIS Kindergarten, nh\u00e0 tr\u01b0\u1eddng d\u1ec5 d\u00e0ng x\u00e2y d\u1ef1ng s\u1ef1 g\u1eafn k\u1ebft c\u00f9ng ph\u1ee5 huynh, \u0111\u01b0\u1ee3c h\u1ed7 tr\u1ee3 mi\u1ec5n ph\u00ed to\u00e0n b\u1ed9 c\u00f4ng t\u00e1c tri\u1ec3n khai, mi\u1ec5n ph\u00ed ho\u00e0n to\u00e0n chi ph\u00ed s\u1eed d\u1ee5ng s\u1ea3n ph\u1ea9m, hi\u1ec7n th\u1ef1c h\u00f3a m\u00f4i tr\u01b0\u1eddng gi\u00e1o d\u1ee5c ho\u00e0n h\u1ea3o.<\/div>\r\n<\/div>\r\n<div class=\"col-md-10 register-form\"><!-- AMIS aiMarketing Form Embed Code -->\r\n<div class=\"aimarketing-form-embed-code\"><script env=production id=\"ladizone-form-renderer\"\r\n                            src=\"https:\/\/amismisa.misacdn.net\/apps\/aimarketing\/form-editor\/static\/js\/form-renderer.js\"><\/script> <script render-for=\"233f0174-9722-49c5-9a7a-509edc34a3fa\">\r\n                            globalThis.lzfr.renderExternalForm({ formId: \"233f0174-9722-49c5-9a7a-509edc34a3fa\", tenantId: \"56c33c47-78ec-4b3a-92ba-9fdb7830a6d4\", domainUnomi: \"https:\/\/ladizone.com\" });\r\n                        <\/script><\/div>\r\n<!-- end AMIS aiMarketing Form Embed Code --><\/div>\r\n<\/div>\r\n<\/div>\r\n<\/section>\r\n<div class=\"register-popup\">\r\n<div class=\"register-popup-content\">\r\n<div class=\"register-popup-wrap\">\r\n<div class=\"register-popup-text\">\r\n<div class=\"register-popup-title\"><img decoding=\"async\" src=\"\/emis-kindergarten\/qlth\/images\/emis-mam-non\/ic-popup-title.png\" alt=\"EMIS KINDERGARTEN\" \/><\/div>\r\n<div class=\"register-popup-desc\">\r\n<div>S\u1eed d\u1ee5ng <span class=\"text-bold\">HO\u00c0N TO\u00c0N MI\u1ec4N PH\u00cd<\/span> <br \/>ph\u1ea7n m\u1ec1m <span class=\"text-bold\">EMIS Kindergarten<\/span><\/div>\r\n<div>Qu\u1ea3n l\u00fd <span class=\"text-bold\">to\u00e0n di\u1ec7n<\/span> nghi\u1ec7p v\u1ee5 tr\u01b0\u1eddng m\u1ea7m non: Nu\u00f4i d\u1ea1y, t\u00e0i ch\u00ednh, t\u01b0\u01a1ng t\u00e1c ph\u1ee5 huynh&#8230;<\/div>\r\n<div>Gi\u1ea3i ph\u00e1p ti\u00ean phong <span class=\"text-bold\">\u1ee9ng d\u1ee5ng AI<\/span>, t\u1ed1i \u01b0u hi\u1ec7u qu\u1ea3 c\u00f4ng t\u00e1c qu\u1ea3n l\u00fd v\u00e0 gi\u1ea3ng d\u1ea1y<\/div>\r\n<div>K\u1ebft n\u1ed1i <span class=\"text-bold\">gi\u00e1o vi\u00ean &#8211; ph\u1ee5 huynh<\/span> nhanh ch\u00f3ng tr\u00ean c\u00f9ng m\u1ed9t n\u1ec1n t\u1ea3ng<\/div>\r\n<\/div>\r\n<\/div>\r\n<div class=\"register-popup-form\">\r\n<div class=\"popup-form-header\">\r\n<div class=\"popup-form-title\">\u0110\u0103ng k\u00fd t\u01b0 v\u1ea5n<\/div>\r\n<div class=\"popup-form-close\"><img decoding=\"async\" src=\"\/emis-kindergarten\/qlth\/images\/emis-mam-non\/ic-close.svg\" alt=\"close\" \/><\/div>\r\n<\/div>\r\n<div class=\"popup-form-body\"><!-- AMIS aiMarketing Form Embed Code -->\r\n<div class=\"aimarketing-form-embed-code\"><script env=production id=\"ladizone-form-renderer\"\r\n                                src=\"https:\/\/amismisa.misacdn.net\/apps\/aimarketing\/form-editor\/static\/js\/form-renderer.js\"><\/script> <script render-for=\"233f0174-9722-49c5-9a7a-509edc34a3fa\">\r\n                                globalThis.lzfr.renderExternalForm({ formId: \"233f0174-9722-49c5-9a7a-509edc34a3fa\", tenantId: \"56c33c47-78ec-4b3a-92ba-9fdb7830a6d4\", domainUnomi: \"https:\/\/ladizone.com\" });\r\n                            <\/script><\/div>\r\n<!-- end AMIS aiMarketing Form Embed Code --><\/div>\r\n<\/div>\r\n<\/div>\r\n<div class=\"register-popup-bg\"><img decoding=\"async\" src=\"\/emis-kindergarten\/qlth\/images\/emis-mam-non\/bg-popup.webp\" alt=\"EMIS KINDERGARTEN\" \/><\/div>\r\n<\/div>\r\n<\/div>\r\n<\/div>\r\n<p><script src=\"\/emis-kindergarten\/qlth\/js\/emis-kindergarten.js?ver=0.1\"><\/script><\/p>\r\n","protected":false},"excerpt":{"rendered":"<p>&nbsp; \u0110\u01a1n gi\u1ea3n h\u00f3a qu\u00e1 tr\u00ecnh l\u00e0m vi\u1ec7c c\u1ee7a gi\u00e1o vi\u00ean \u1ee8ng d\u1ee5ng gi\u00fap qu\u1ea3n l\u00fd l\u1edbp h\u1ecdc, \u0111\u00e1nh gi\u00e1 h\u1ecdc sinh, giao ti\u1ebfp v\u1edbi ph\u1ee5 huynh h\u1ecdc sinh m\u1ed9t c\u00e1ch d\u1ec5 d\u00e0ng \u0110\u0103ng k\u00fd t\u01b0 v\u1ea5n D\u00f9ng th\u1eed mi\u1ec5n ph\u00ed \u0110i\u1ec3m danh t\u1ef1 \u0111\u1ed9ng, ch\u00ednh x\u00e1c \u0110i\u1ec3m danh qua nh\u1eadn di\u1ec7n khu\u00f4n m\u1eb7t T\u1ef1 [&hellip;]<\/p>\n","protected":false},"author":104,"featured_media":1001,"parent":0,"menu_order":0,"comment_status":"closed","ping_status":"closed","template":"","meta":{"_acf_changed":false,"footnotes":""},"class_list":["post-979","page","type-page","status-publish","has-post-thumbnail","hentry"],"acf":[],"yoast_head":"<!-- This site is optimized with the Yoast SEO plugin v21.7 - https:\/\/yoast.com\/wordpress\/plugins\/seo\/ -->\n<title>Ph\u1ea7n m\u1ec1m qu\u1ea3n l\u00fd tr\u01b0\u1eddng m\u1ea7m non - d\u00e0nh cho gi\u00e1o vi\u00ean<\/title>\n<meta name=\"robots\" content=\"index, follow, max-snippet:-1, max-image-preview:large, max-video-preview:-1\" \/>\n<link rel=\"canonical\" href=\"https:\/\/emis.misa.vn\/emis-kindergarten\/teacher\/\" \/>\n<meta property=\"og:locale\" content=\"en_US\" \/>\n<meta property=\"og:type\" content=\"article\" \/>\n<meta property=\"og:title\" content=\"Ph\u1ea7n m\u1ec1m qu\u1ea3n l\u00fd tr\u01b0\u1eddng m\u1ea7m non - d\u00e0nh cho gi\u00e1o vi\u00ean\" \/>\n<meta property=\"og:description\" content=\"&nbsp; \u0110\u01a1n gi\u1ea3n h\u00f3a qu\u00e1 tr\u00ecnh l\u00e0m vi\u1ec7c c\u1ee7a gi\u00e1o vi\u00ean \u1ee8ng d\u1ee5ng gi\u00fap qu\u1ea3n l\u00fd l\u1edbp h\u1ecdc, \u0111\u00e1nh gi\u00e1 h\u1ecdc sinh, giao ti\u1ebfp v\u1edbi ph\u1ee5 huynh h\u1ecdc sinh m\u1ed9t c\u00e1ch d\u1ec5 d\u00e0ng \u0110\u0103ng k\u00fd t\u01b0 v\u1ea5n D\u00f9ng th\u1eed mi\u1ec5n ph\u00ed \u0110i\u1ec3m danh t\u1ef1 \u0111\u1ed9ng, ch\u00ednh x\u00e1c \u0110i\u1ec3m danh qua nh\u1eadn di\u1ec7n khu\u00f4n m\u1eb7t T\u1ef1 [&hellip;]\" \/>\n<meta property=\"og:url\" content=\"https:\/\/emis.misa.vn\/emis-kindergarten\/teacher\/\" \/>\n<meta property=\"og:site_name\" content=\"Ph\u1ea7n m\u1ec1m qu\u1ea3n l\u00fd tr\u01b0\u1eddng h\u1ecdc\" \/>\n<meta property=\"article:modified_time\" content=\"2026-03-31T10:26:40+00:00\" \/>\n<meta property=\"og:image\" content=\"https:\/\/emis.misa.vn\/emis-kindergarten\/wp-content\/uploads\/2024\/05\/441426850_357854853449129_2140139391473984531_n.png\" \/>\n\t<meta property=\"og:image:width\" content=\"600\" \/>\n\t<meta property=\"og:image:height\" content=\"340\" \/>\n\t<meta property=\"og:image:type\" content=\"image\/png\" \/>\n<meta name=\"twitter:card\" content=\"summary_large_image\" \/>\n<meta name=\"twitter:label1\" content=\"Est. reading time\" \/>\n\t<meta name=\"twitter:data1\" content=\"5 minutes\" \/>\n<!-- \/ Yoast SEO plugin. -->","yoast_head_json":{"title":"Ph\u1ea7n m\u1ec1m qu\u1ea3n l\u00fd tr\u01b0\u1eddng m\u1ea7m non - d\u00e0nh cho gi\u00e1o vi\u00ean","robots":{"index":"index","follow":"follow","max-snippet":"max-snippet:-1","max-image-preview":"max-image-preview:large","max-video-preview":"max-video-preview:-1"},"canonical":"https:\/\/emis.misa.vn\/emis-kindergarten\/teacher\/","og_locale":"en_US","og_type":"article","og_title":"Ph\u1ea7n m\u1ec1m qu\u1ea3n l\u00fd tr\u01b0\u1eddng m\u1ea7m non - d\u00e0nh cho gi\u00e1o vi\u00ean","og_description":"&nbsp; \u0110\u01a1n gi\u1ea3n h\u00f3a qu\u00e1 tr\u00ecnh l\u00e0m vi\u1ec7c c\u1ee7a gi\u00e1o vi\u00ean \u1ee8ng d\u1ee5ng gi\u00fap qu\u1ea3n l\u00fd l\u1edbp h\u1ecdc, \u0111\u00e1nh gi\u00e1 h\u1ecdc sinh, giao ti\u1ebfp v\u1edbi ph\u1ee5 huynh h\u1ecdc sinh m\u1ed9t c\u00e1ch d\u1ec5 d\u00e0ng \u0110\u0103ng k\u00fd t\u01b0 v\u1ea5n D\u00f9ng th\u1eed mi\u1ec5n ph\u00ed \u0110i\u1ec3m danh t\u1ef1 \u0111\u1ed9ng, ch\u00ednh x\u00e1c \u0110i\u1ec3m danh qua nh\u1eadn di\u1ec7n khu\u00f4n m\u1eb7t T\u1ef1 [&hellip;]","og_url":"https:\/\/emis.misa.vn\/emis-kindergarten\/teacher\/","og_site_name":"Ph\u1ea7n m\u1ec1m qu\u1ea3n l\u00fd tr\u01b0\u1eddng h\u1ecdc","article_modified_time":"2026-03-31T10:26:40+00:00","og_image":[{"width":600,"height":340,"url":"https:\/\/emis.misa.vn\/emis-kindergarten\/wp-content\/uploads\/2024\/05\/441426850_357854853449129_2140139391473984531_n.png","type":"image\/png"}],"twitter_card":"summary_large_image","twitter_misc":{"Est. reading time":"5 minutes"},"schema":{"@context":"https:\/\/schema.org","@graph":[{"@type":"WebPage","@id":"https:\/\/emis.misa.vn\/emis-kindergarten\/teacher\/","url":"https:\/\/emis.misa.vn\/emis-kindergarten\/teacher\/","name":"Ph\u1ea7n m\u1ec1m qu\u1ea3n l\u00fd tr\u01b0\u1eddng m\u1ea7m non - d\u00e0nh cho gi\u00e1o vi\u00ean","isPartOf":{"@id":"https:\/\/emis.misa.vn\/emis-kindergarten\/#website"},"datePublished":"2024-05-17T07:31:51+00:00","dateModified":"2026-03-31T10:26:40+00:00","breadcrumb":{"@id":"https:\/\/emis.misa.vn\/emis-kindergarten\/teacher\/#breadcrumb"},"inLanguage":"en-US","potentialAction":[{"@type":"ReadAction","target":["https:\/\/emis.misa.vn\/emis-kindergarten\/teacher\/"]}]},{"@type":"BreadcrumbList","@id":"https:\/\/emis.misa.vn\/emis-kindergarten\/teacher\/#breadcrumb","itemListElement":[{"@type":"ListItem","position":1,"name":"Home","item":"https:\/\/emis.misa.vn\/emis-kindergarten\/"},{"@type":"ListItem","position":2,"name":"Ph\u1ea7n m\u1ec1m qu\u1ea3n l\u00fd tr\u01b0\u1eddng m\u1ea7m non &#8211; d\u00e0nh cho gi\u00e1o vi\u00ean"}]}]}},"_links":{"self":[{"href":"https:\/\/emis.misa.vn\/emis-kindergarten\/wp-json\/wp\/v2\/pages\/979","targetHints":{"allow":["GET"]}}],"collection":[{"href":"https:\/\/emis.misa.vn\/emis-kindergarten\/wp-json\/wp\/v2\/pages"}],"about":[{"href":"https:\/\/emis.misa.vn\/emis-kindergarten\/wp-json\/wp\/v2\/types\/page"}],"author":[{"embeddable":true,"href":"https:\/\/emis.misa.vn\/emis-kindergarten\/wp-json\/wp\/v2\/users\/104"}],"replies":[{"embeddable":true,"href":"https:\/\/emis.misa.vn\/emis-kindergarten\/wp-json\/wp\/v2\/comments?post=979"}],"version-history":[{"count":4,"href":"https:\/\/emis.misa.vn\/emis-kindergarten\/wp-json\/wp\/v2\/pages\/979\/revisions"}],"predecessor-version":[{"id":4419,"href":"https:\/\/emis.misa.vn\/emis-kindergarten\/wp-json\/wp\/v2\/pages\/979\/revisions\/4419"}],"wp:featuredmedia":[{"embeddable":true,"href":"https:\/\/emis.misa.vn\/emis-kindergarten\/wp-json\/wp\/v2\/media\/1001"}],"wp:attachment":[{"href":"https:\/\/emis.misa.vn\/emis-kindergarten\/wp-json\/wp\/v2\/media?parent=979"}],"curies":[{"name":"wp","href":"https:\/\/api.w.org\/{rel}","templated":true}]}}