{"id":14,"date":"2019-05-07T06:46:58","date_gmt":"2019-05-07T06:46:58","guid":{"rendered":"http:\/\/qlth.vn\/?page_id=14"},"modified":"2024-04-03T10:35:41","modified_gmt":"2024-04-03T03:35:41","slug":"ho-tro","status":"publish","type":"page","link":"https:\/\/emis.misa.vn\/emisconglap\/ho-tro\/","title":{"rendered":"H\u1ed7 tr\u1ee3"},"content":{"rendered":"\r\n<link rel=\"stylesheet\" href=\"\/emisconglap\/qlth\/css\/support.css?ver=0.0.5\" \/>\r\n<div class=\"support-page\">\r\n    <div class=\"banner\">\r\n        <div class=\"container\">\r\n            <div class=\"row\">\r\n                <div class=\"col-md-12 banner-text\">\r\n                    <h1 class=\"banner-title\">\r\n                        K\u00eanh t\u01b0 v\u1ea5n h\u1ed7 tr\u1ee3 kh\u00e1ch h\u00e0ng\r\n                    <\/h1>\r\n                    <div class=\"banner-channels\">\r\n                        <div class=\"banner-channels-item document-channel\">\r\n                            <a href=\"https:\/\/emishelp.misa.vn\/\" target=\"_blank\" rel=\"noopener\">T\u00e0i li\u1ec7u h\u01b0\u1edbng d\u1eabn s\u1eed d\u1ee5ng Online<\/a>\r\n                        <\/div>\r\n                        <div class=\"banner-channels-item community\">\r\n                            <a href=\"https:\/\/www.youtube.com\/@MISAEMIS\" target=\"_blank\" rel=\"noopener\">T\u00e0i li\u1ec7u video tr\u00ean Youtube<\/a>\r\n                        <\/div>\r\n                        <div class=\"banner-channels-item forum-channel\">\r\n                            <a href=\"https:\/\/forum.misa.vn\/forums\/misa-emis-nen-tang-giao-duc-so.30\/\" target=\"_blank\" rel=\"noopener\">Di\u1ec5n \u0111\u00e0n h\u1ed7 tr\u1ee3 MISA<\/a>\r\n                        <\/div>\r\n<div class=\"banner-channels-item banner-btn\">\r\n<a href=\"\/chuyen-doi-so\">Nh\u1eadn mi\u1ec5n ph\u00ed ph\u1ea7n m\u1ec1m<\/a>\r\n<\/div>\r\n                    <\/div>\r\n                <\/div>\r\n                <div class=\"col-md-12 banner-img\">\r\n                    <!--<img decoding=\"async\" src=\"\/emisconglap\/qlth\/images\/support\/banner-help.png\" class=\"img-responsive qr-code\">-->\r\n                    <img decoding=\"async\" src=\"\/emisconglap\/qlth\/images\/support\/ic-switchboard.svg\" class=\"img-responsive qr-code\" alt=\"T\u1ed5ng \u0111\u00e0i MISA\">\r\n                <\/div>\r\n            <\/div>\r\n        <\/div>\r\n    <\/div>\r\n    <div class=\"section-temp support-channels\">\r\n        <div class=\"container\">\r\n            <div class=\"row\">\r\n                <h2 class=\"col-md-24 support-title\">\r\n                    C\u00e1c k\u00eanh t\u01b0 v\u1ea5n h\u1ed7 tr\u1ee3 <span class=\"nowrap\">mi\u1ec5n ph\u00ed<\/span>\r\n                <\/h2>\r\n                <ul class=\"col-md-20 col-md-push-2 support-channels-content\">\r\n                    <li>\r\n                        <a href=\"https:\/\/qlthhelp.misa.vn\/\" target=\"_blank\" rel=\"noopener\">\r\n                            <div class=\"support-channels-item\">\r\n                                <img decoding=\"async\" src=\"\/emisconglap\/qlth\/images\/support\/ic_document.svg\" class=\"img-responsive\" alt=\"T\u00e0i li\u1ec7u s\u1eed d\u1ee5ng Online\">\r\n                                <div class=\"s-channels-item-title\">T\u00e0i li\u1ec7u s\u1eed d\u1ee5ng Online<\/div>\r\n                                <div class=\"s-channels-item-des\">\r\n                                    Tra c\u1ee9u c\u00e1c t\u00e0i li\u1ec7u h\u01b0\u1edbng d\u1eabn nghi\u1ec7p v\u1ee5 c\u0103n b\u1ea3n, ch\u1ee9c n\u0103ng v\u00e0 c\u00e2u h\u1ecfi th\u01b0\u1eddng g\u1eb7p khi s\u1eed d\u1ee5ng <span class=\"nowrap\">ph\u1ea7n m\u1ec1m.<\/span>\r\n                                <\/div>\r\n                            <\/div>\r\n                        <\/a>\r\n                    <\/li>\r\n                    <li>\r\n                        <a href=\"https:\/\/www.facebook.com\/groups\/hotroqlth\" target=\"_blank\" rel=\"noopener\">\r\n                            <div class=\"support-channels-item\">\r\n                                <img decoding=\"async\" src=\"\/emisconglap\/qlth\/images\/support\/ic_forum.svg\" class=\"img-responsive\" alt=\"Di\u1ec5n \u0111\u00e0n h\u1ed7 tr\u1ee3 MISA\">\r\n                                <div class=\"s-channels-item-title\">Di\u1ec5n \u0111\u00e0n h\u1ed7 tr\u1ee3 MISA<\/div>\r\n                                <div class=\"s-channels-item-des\">\r\n                                    C\u00f3 th\u1ec3 tra c\u1ee9u d\u1ec5 d\u00e0ng nhi\u1ec1u t\u00e0i li\u1ec7u h\u01b0\u1edbng d\u1eabn, m\u1eb9o v\u00e0 c\u00e1c c\u00e2u h\u1ecfi th\u01b0\u1eddng g\u1eb7p khi s\u1eed d\u1ee5ng <span class=\"nowrap\">ph\u1ea7n m\u1ec1m.<\/span>\r\n                                <\/div>\r\n                            <\/div>\r\n                        <\/a>\r\n                    <\/li>\r\n                    <li>\r\n                        <a href=\"https:\/\/www.facebook.com\/groups\/hotroqlth\" target=\"_blank\" rel=\"noopener\">\r\n                            <div class=\"support-channels-item\">\r\n                                <img decoding=\"async\" src=\"\/emisconglap\/qlth\/images\/support\/ic-youtube.svg\" class=\"img-responsive\" alt=\"T\u00e0i li\u1ec7u video tr\u00ean Youtube\">\r\n                                <div class=\"s-channels-item-title\">T\u00e0i li\u1ec7u video tr\u00ean Youtube<\/div>\r\n                                <div class=\"s-channels-item-des\">\r\n                                    K\u00eanh c\u00f3 nhi\u1ec1u video, kh\u00f3a h\u1ecdc cho ng\u01b0\u1eddi b\u1eaft \u0111\u1ea7u v\u00e0 nhi\u1ec1u video t\u00ecnh hu\u1ed1ng, m\u1eb9o, chia s\u1ebb kinh nghi\u1ec7m s\u1eed d\u1ee5ng ph\u1ea7n m\u1ec1m \u0111\u01b0\u1ee3c MISA <span class=\"nowrap\">ph\u00e1t h\u00e0nh th\u01b0\u1eddng xuy\u00ean.<\/span>\r\n                                <\/div>\r\n                            <\/div>\r\n                        <\/a>\r\n                    <\/li>\r\n                <\/ul>\r\n            <\/div>\r\n        <\/div>\r\n    <\/div>\r\n    <div class=\"section-temp question\">\r\n        <div class=\"container\">\r\n            <div class=\"row\">\r\n                <h2 class=\"col-md-24 support-title\">\r\n                    C\u00e2u h\u1ecfi th\u01b0\u1eddng g\u1eb7p\r\n                <\/h2>\r\n                <div class=\"col-md-24 question-content\">\r\n                    <div class=\"col-md-10 col-md-offset-2 question-block\">\r\n                        <a href=\"https:\/\/emishelp.misa.vn\/kb\/6596\/\" target=\"_blank\" rel=\"noopener\">\r\n                            <div class=\"question-item\">\r\n                                <div class=\"question-item-order\">1<\/div>\r\n                                <h3 class=\"question-item-title\">T\u1ea1o v\u00e0 qu\u1ea3n l\u00fd t\u00e0i kho\u1ea3n c\u00e1n b\u1ed9 gi\u00e1o vi\u00ean <span class=\"nowrap\">s\u1eed d\u1ee5ng ph\u1ea7n m\u1ec1m<\/span> nh\u01b0 th\u1ebf n\u00e0o?<\/h3>\r\n                            <\/div>\r\n                        <\/a>\r\n                        <a href=\"https:\/\/emishelp.misa.vn\/kb\/5750\/\" target=\"_blank\" rel=\"noopener\">\r\n                            <div class=\"question-item\">\r\n                                <div class=\"question-item-order\">2<\/div>\r\n                                <h3 class=\"question-item-title\">Th\u1ef1c hi\u1ec7n ph\u00e2n quy\u1ec1n theo nhu c\u1ea7u \u0111\u01a1n v\u1ecb nh\u01b0 th\u1ebf n\u00e0o?<\/h3>\r\n                            <\/div>\r\n                        <\/a>\r\n                        <a href=\"https:\/\/emishelp.misa.vn\/kb\/24841\/\" target=\"_blank\" rel=\"noopener\">\r\n                            <div class=\"question-item\">\r\n                                <div class=\"question-item-order\">3<\/div>\r\n                                <h3 class=\"question-item-title\">L\u00e0m th\u1ebf n\u00e0o \u0111\u1ec3 \u0111\u0103ng nh\u1eadp MISA EMIS?<\/h3>\r\n                            <\/div>\r\n                        <\/a>\r\n                    <\/div>\r\n                    <div class=\"col-md-12 question-block\">\r\n                        <a href=\"https:\/\/emishelp.misa.vn\/kb\/6599\/\" target=\"_blank\" rel=\"noopener\">\r\n                            <div class=\"question-item\">\r\n                                <div class=\"question-item-order\">4<\/div>\r\n                                <h3 class=\"question-item-title\">Qu\u00ean m\u1eadt kh\u1ea9u l\u00e0m nh\u01b0 th\u1ebf n\u00e0o?<\/h3>\r\n                            <\/div>\r\n                        <\/a>\r\n                        <a href=\"https:\/\/emishelp.misa.vn\/kb\/25792\/\" target=\"_blank\" rel=\"noopener\">\r\n                            <div class=\"question-item\">\r\n                                <div class=\"question-item-order\">5<\/div>\r\n                                <h3 class=\"question-item-title\">L\u00e0m th\u1ebf n\u00e0o \u0111\u1ec3 \u0111\u1ed5i m\u1eadt kh\u1ea9u kh\u00e1c?<\/h3>\r\n                            <\/div>\r\n                        <\/a>\r\n                        <a href=\"https:\/\/emishelp.misa.vn\/\" target=\"_blank\" rel=\"noopener\">\r\n                            <div class=\"question-item\">\r\n                                <div class=\"question-item-order\">6<\/div>\r\n                                <h3 class=\"question-item-title\">Xem th\u00eam c\u00e1c c\u00e2u h\u1ecfi th\u01b0\u1eddng g\u1eb7p kh\u00e1c<\/h3>\r\n                            <\/div>\r\n                        <\/a>\r\n                    <\/div>\r\n                <\/div>\r\n            <\/div>\r\n        <\/div>\r\n    <\/div>\r\n<\/div>\r\n","protected":false},"excerpt":{"rendered":"<p>K\u00eanh t\u01b0 v\u1ea5n h\u1ed7 tr\u1ee3 kh\u00e1ch h\u00e0ng T\u00e0i li\u1ec7u h\u01b0\u1edbng d\u1eabn s\u1eed d\u1ee5ng Online T\u00e0i li\u1ec7u video tr\u00ean Youtube Di\u1ec5n \u0111\u00e0n h\u1ed7 tr\u1ee3 MISA Nh\u1eadn mi\u1ec5n ph\u00ed ph\u1ea7n m\u1ec1m C\u00e1c k\u00eanh t\u01b0 v\u1ea5n h\u1ed7 tr\u1ee3 mi\u1ec5n ph\u00ed T\u00e0i li\u1ec7u s\u1eed d\u1ee5ng Online Tra c\u1ee9u c\u00e1c t\u00e0i li\u1ec7u h\u01b0\u1edbng d\u1eabn nghi\u1ec7p v\u1ee5 c\u0103n b\u1ea3n, ch\u1ee9c n\u0103ng [&hellip;]<\/p>\n","protected":false},"author":104,"featured_media":0,"parent":0,"menu_order":0,"comment_status":"closed","ping_status":"closed","template":"","meta":{"_acf_changed":false,"footnotes":""},"class_list":["post-14","page","type-page","status-publish","hentry"],"acf":[],"yoast_head":"<!-- This site is optimized with the Yoast SEO plugin v21.7 - https:\/\/yoast.com\/wordpress\/plugins\/seo\/ -->\n<title>H\u1ed7 tr\u1ee3 - Ph\u1ea7n m\u1ec1m qu\u1ea3n l\u00fd tr\u01b0\u1eddng h\u1ecdc<\/title>\n<meta name=\"robots\" content=\"index, follow, max-snippet:-1, max-image-preview:large, max-video-preview:-1\" \/>\n<link rel=\"canonical\" href=\"https:\/\/emis.misa.vn\/emisconglap\/ho-tro\/\" \/>\n<meta property=\"og:locale\" content=\"en_US\" \/>\n<meta property=\"og:type\" content=\"article\" \/>\n<meta property=\"og:title\" content=\"H\u1ed7 tr\u1ee3 - Ph\u1ea7n m\u1ec1m qu\u1ea3n l\u00fd tr\u01b0\u1eddng h\u1ecdc\" \/>\n<meta property=\"og:description\" content=\"K\u00eanh t\u01b0 v\u1ea5n h\u1ed7 tr\u1ee3 kh\u00e1ch h\u00e0ng T\u00e0i li\u1ec7u h\u01b0\u1edbng d\u1eabn s\u1eed d\u1ee5ng Online T\u00e0i li\u1ec7u video tr\u00ean Youtube Di\u1ec5n \u0111\u00e0n h\u1ed7 tr\u1ee3 MISA Nh\u1eadn mi\u1ec5n ph\u00ed ph\u1ea7n m\u1ec1m C\u00e1c k\u00eanh t\u01b0 v\u1ea5n h\u1ed7 tr\u1ee3 mi\u1ec5n ph\u00ed T\u00e0i li\u1ec7u s\u1eed d\u1ee5ng Online Tra c\u1ee9u c\u00e1c t\u00e0i li\u1ec7u h\u01b0\u1edbng d\u1eabn nghi\u1ec7p v\u1ee5 c\u0103n b\u1ea3n, ch\u1ee9c n\u0103ng [&hellip;]\" \/>\n<meta property=\"og:url\" content=\"https:\/\/emis.misa.vn\/emisconglap\/ho-tro\/\" \/>\n<meta property=\"og:site_name\" content=\"Ph\u1ea7n m\u1ec1m qu\u1ea3n l\u00fd tr\u01b0\u1eddng h\u1ecdc\" \/>\n<meta property=\"article:modified_time\" content=\"2024-04-03T03:35:41+00:00\" \/>\n<meta name=\"twitter:card\" content=\"summary_large_image\" \/>\n<meta name=\"twitter:label1\" content=\"Est. reading time\" \/>\n\t<meta name=\"twitter:data1\" content=\"2 minutes\" \/>\n<!-- \/ Yoast SEO plugin. -->","yoast_head_json":{"title":"H\u1ed7 tr\u1ee3 - Ph\u1ea7n m\u1ec1m qu\u1ea3n l\u00fd tr\u01b0\u1eddng h\u1ecdc","robots":{"index":"index","follow":"follow","max-snippet":"max-snippet:-1","max-image-preview":"max-image-preview:large","max-video-preview":"max-video-preview:-1"},"canonical":"https:\/\/emis.misa.vn\/emisconglap\/ho-tro\/","og_locale":"en_US","og_type":"article","og_title":"H\u1ed7 tr\u1ee3 - Ph\u1ea7n m\u1ec1m qu\u1ea3n l\u00fd tr\u01b0\u1eddng h\u1ecdc","og_description":"K\u00eanh t\u01b0 v\u1ea5n h\u1ed7 tr\u1ee3 kh\u00e1ch h\u00e0ng T\u00e0i li\u1ec7u h\u01b0\u1edbng d\u1eabn s\u1eed d\u1ee5ng Online T\u00e0i li\u1ec7u video tr\u00ean Youtube Di\u1ec5n \u0111\u00e0n h\u1ed7 tr\u1ee3 MISA Nh\u1eadn mi\u1ec5n ph\u00ed ph\u1ea7n m\u1ec1m C\u00e1c k\u00eanh t\u01b0 v\u1ea5n h\u1ed7 tr\u1ee3 mi\u1ec5n ph\u00ed T\u00e0i li\u1ec7u s\u1eed d\u1ee5ng Online Tra c\u1ee9u c\u00e1c t\u00e0i li\u1ec7u h\u01b0\u1edbng d\u1eabn nghi\u1ec7p v\u1ee5 c\u0103n b\u1ea3n, ch\u1ee9c n\u0103ng [&hellip;]","og_url":"https:\/\/emis.misa.vn\/emisconglap\/ho-tro\/","og_site_name":"Ph\u1ea7n m\u1ec1m qu\u1ea3n l\u00fd tr\u01b0\u1eddng h\u1ecdc","article_modified_time":"2024-04-03T03:35:41+00:00","twitter_card":"summary_large_image","twitter_misc":{"Est. reading time":"2 minutes"},"schema":{"@context":"https:\/\/schema.org","@graph":[{"@type":"WebPage","@id":"https:\/\/emis.misa.vn\/emisconglap\/ho-tro\/","url":"https:\/\/emis.misa.vn\/emisconglap\/ho-tro\/","name":"H\u1ed7 tr\u1ee3 - Ph\u1ea7n m\u1ec1m qu\u1ea3n l\u00fd tr\u01b0\u1eddng h\u1ecdc","isPartOf":{"@id":"https:\/\/emis.misa.vn\/emisconglap\/#website"},"datePublished":"2019-05-07T06:46:58+00:00","dateModified":"2024-04-03T03:35:41+00:00","breadcrumb":{"@id":"https:\/\/emis.misa.vn\/emisconglap\/ho-tro\/#breadcrumb"},"inLanguage":"en-US","potentialAction":[{"@type":"ReadAction","target":["https:\/\/emis.misa.vn\/emisconglap\/ho-tro\/"]}]},{"@type":"BreadcrumbList","@id":"https:\/\/emis.misa.vn\/emisconglap\/ho-tro\/#breadcrumb","itemListElement":[{"@type":"ListItem","position":1,"name":"Home","item":"https:\/\/emis.misa.vn\/emisconglap\/"},{"@type":"ListItem","position":2,"name":"H\u1ed7 tr\u1ee3"}]}]}},"_links":{"self":[{"href":"https:\/\/emis.misa.vn\/emisconglap\/wp-json\/wp\/v2\/pages\/14","targetHints":{"allow":["GET"]}}],"collection":[{"href":"https:\/\/emis.misa.vn\/emisconglap\/wp-json\/wp\/v2\/pages"}],"about":[{"href":"https:\/\/emis.misa.vn\/emisconglap\/wp-json\/wp\/v2\/types\/page"}],"author":[{"embeddable":true,"href":"https:\/\/emis.misa.vn\/emisconglap\/wp-json\/wp\/v2\/users\/104"}],"replies":[{"embeddable":true,"href":"https:\/\/emis.misa.vn\/emisconglap\/wp-json\/wp\/v2\/comments?post=14"}],"version-history":[{"count":5,"href":"https:\/\/emis.misa.vn\/emisconglap\/wp-json\/wp\/v2\/pages\/14\/revisions"}],"predecessor-version":[{"id":951,"href":"https:\/\/emis.misa.vn\/emisconglap\/wp-json\/wp\/v2\/pages\/14\/revisions\/951"}],"wp:attachment":[{"href":"https:\/\/emis.misa.vn\/emisconglap\/wp-json\/wp\/v2\/media?parent=14"}],"curies":[{"name":"wp","href":"https:\/\/api.w.org\/{rel}","templated":true}]}}